{"id":45,"date":"2022-11-14T18:29:48","date_gmt":"2022-11-14T18:29:48","guid":{"rendered":"http:\/\/www.quantickhorizons.com\/?page_id=45"},"modified":"2023-01-07T23:40:50","modified_gmt":"2023-01-07T23:40:50","slug":"podemos-ayudarte","status":"publish","type":"page","link":"https:\/\/www.quantickhorizons.com\/index.php\/podemos-ayudarte\/","title":{"rendered":"PODEMOS AYUDARTE"},"content":{"rendered":"\n<p>Como dec\u00edamos al inicio de esta web, con los datos que hay disponibles se pueden hacer cosas alucinantes que ni siquiera se te pasan por la cabeza durante tu d\u00eda a d\u00eda. Por ello, si crees que tienes alguna necesidad relacionada con la obtenci\u00f3n, procesamiento y\/o an\u00e1lisis de cualquier conjunto de datos que pueda ser beneficiosa para ti o tu organizaci\u00f3n, no lo dudes: \u00a1Preg\u00fantanos! Seguro que podemos ayudarte. Rellena el siguiente formulario y nos pondremos en contacto contigo.<\/p>\n\n\n<div class=\"wpforms-container wpforms-container-full\" id=\"wpforms-49\"><form id=\"wpforms-form-49\" class=\"wpforms-validate wpforms-form wpforms-ajax-form\" data-formid=\"49\" method=\"post\" enctype=\"multipart\/form-data\" action=\"\/index.php\/wp-json\/wp\/v2\/pages\/45\" data-token=\"20d5aedaf1276c36c4715dcd3824d1d7\"><noscript class=\"wpforms-error-noscript\">Please enable JavaScript in your browser to complete this form.<\/noscript><div class=\"wpforms-field-container\"><div id=\"wpforms-49-field_0-container\" class=\"wpforms-field wpforms-field-name\" data-field-id=\"0\"><label class=\"wpforms-field-label\" for=\"wpforms-49-field_0\">Nombre <span class=\"wpforms-required-label\">*<\/span><\/label><div class=\"wpforms-field-row wpforms-field-medium\"><div class=\"wpforms-field-row-block wpforms-first wpforms-one-half\"><input type=\"text\" id=\"wpforms-49-field_0\" class=\"wpforms-field-name-first wpforms-field-required\" name=\"wpforms[fields][0][first]\" required><label for=\"wpforms-49-field_0\" class=\"wpforms-field-sublabel after \">First<\/label><\/div><div class=\"wpforms-field-row-block wpforms-one-half\"><input type=\"text\" id=\"wpforms-49-field_0-last\" class=\"wpforms-field-name-last wpforms-field-required\" name=\"wpforms[fields][0][last]\" required><label for=\"wpforms-49-field_0-last\" class=\"wpforms-field-sublabel after \">Last<\/label><\/div><\/div><\/div><div id=\"wpforms-49-field_1-container\" class=\"wpforms-field wpforms-field-email\" data-field-id=\"1\"><label class=\"wpforms-field-label\" for=\"wpforms-49-field_1\">Correo electr\u00f3nico <span class=\"wpforms-required-label\">*<\/span><\/label><input type=\"email\" id=\"wpforms-49-field_1\" class=\"wpforms-field-medium wpforms-field-required\" name=\"wpforms[fields][1]\" required><\/div><div id=\"wpforms-49-field_2-container\" class=\"wpforms-field wpforms-field-textarea\" data-field-id=\"2\"><label class=\"wpforms-field-label\" for=\"wpforms-49-field_2\">Comentario o mensaje<\/label><textarea id=\"wpforms-49-field_2\" class=\"wpforms-field-medium\" name=\"wpforms[fields][2]\" ><\/textarea><\/div><\/div><div class=\"wpforms-submit-container\"><input type=\"hidden\" name=\"wpforms[id]\" value=\"49\"><input type=\"hidden\" name=\"wpforms[author]\" value=\"1\"><button type=\"submit\" name=\"wpforms[submit]\" id=\"wpforms-submit-49\" class=\"wpforms-submit\" data-alt-text=\"Enviando...\" data-submit-text=\"Enviar\" aria-live=\"assertive\" value=\"wpforms-submit\">Enviar<\/button><img loading=\"lazy\" decoding=\"async\" src=\"https:\/\/www.quantickhorizons.com\/wp-content\/plugins\/wpforms-lite\/assets\/images\/submit-spin.svg\" class=\"wpforms-submit-spinner\" style=\"display: none;\" width=\"26\" height=\"26\" alt=\"Loading\"><\/div><\/form><\/div>  <!-- .wpforms-container -->\n\n\n<figure class=\"wp-block-image alignwide size-large wp-duotone-unset-1\"><img loading=\"lazy\" decoding=\"async\" width=\"1024\" height=\"683\" src=\"https:\/\/www.quantickhorizons.com\/wp-content\/uploads\/2022\/11\/pexels-sora-shimazaki-5673488-1024x683.jpg\" alt=\"Profesionales de la innovaci\u00f3n para ayudarte\" class=\"wp-image-148\" srcset=\"https:\/\/www.quantickhorizons.com\/wp-content\/uploads\/2022\/11\/pexels-sora-shimazaki-5673488-1024x683.jpg 1024w, https:\/\/www.quantickhorizons.com\/wp-content\/uploads\/2022\/11\/pexels-sora-shimazaki-5673488-300x200.jpg 300w, https:\/\/www.quantickhorizons.com\/wp-content\/uploads\/2022\/11\/pexels-sora-shimazaki-5673488-768x512.jpg 768w, https:\/\/www.quantickhorizons.com\/wp-content\/uploads\/2022\/11\/pexels-sora-shimazaki-5673488-1536x1024.jpg 1536w, https:\/\/www.quantickhorizons.com\/wp-content\/uploads\/2022\/11\/pexels-sora-shimazaki-5673488-2048x1365.jpg 2048w\" sizes=\"auto, (max-width: 1024px) 100vw, 1024px\" \/><\/figure>\n","protected":false},"excerpt":{"rendered":"<p>Como dec\u00edamos al inicio de esta web, con los datos que hay disponibles se pueden hacer cosas alucinantes que ni siquiera se te pasan por la cabeza durante tu d\u00eda a d\u00eda. Por ello, si crees que tienes alguna necesidad relacionada con la obtenci\u00f3n, procesamiento y\/o an\u00e1lisis de cualquier conjunto de datos que pueda ser &hellip;<\/p>\n<p class=\"read-more\"> <a class=\"\" href=\"https:\/\/www.quantickhorizons.com\/index.php\/podemos-ayudarte\/\"> <span class=\"screen-reader-text\">PODEMOS AYUDARTE<\/span> Read More &raquo;<\/a><\/p>\n","protected":false},"author":1,"featured_media":0,"parent":0,"menu_order":0,"comment_status":"closed","ping_status":"closed","template":"","meta":{"_monsterinsights_skip_tracking":false,"_monsterinsights_sitenote_active":false,"_monsterinsights_sitenote_note":"","_monsterinsights_sitenote_category":0,"site-sidebar-layout":"default","site-content-layout":"default","ast-global-header-display":"","ast-main-header-display":"","ast-hfb-above-header-display":"","ast-hfb-below-header-display":"","ast-hfb-mobile-header-display":"","site-post-title":"","ast-breadcrumbs-content":"","ast-featured-img":"","footer-sml-layout":"","theme-transparent-header-meta":"","adv-header-id-meta":"","stick-header-meta":"","header-above-stick-meta":"","header-main-stick-meta":"","header-below-stick-meta":"","footnotes":""},"class_list":["post-45","page","type-page","status-publish","hentry"],"yoast_head":"<!-- This site is optimized with the Yoast SEO plugin v19.14 - https:\/\/yoast.com\/wordpress\/plugins\/seo\/ -->\n<title>PODEMOS AYUDARTE - Quantick Horizons<\/title>\n<meta name=\"description\" content=\"\u00a1Preg\u00fantanos! Seguro que podemos ayudarte. Rellena el siguiente formulario y nos pondremos en contacto contigo.\" \/>\n<meta name=\"robots\" content=\"index, follow, max-snippet:-1, max-image-preview:large, max-video-preview:-1\" \/>\n<link rel=\"canonical\" href=\"https:\/\/www.quantickhorizons.com\/index.php\/podemos-ayudarte\/\" \/>\n<meta property=\"og:locale\" content=\"en_US\" \/>\n<meta property=\"og:type\" content=\"article\" \/>\n<meta property=\"og:title\" content=\"PODEMOS AYUDARTE - Quantick Horizons\" \/>\n<meta property=\"og:description\" content=\"\u00a1Preg\u00fantanos! Seguro que podemos ayudarte. Rellena el siguiente formulario y nos pondremos en contacto contigo.\" \/>\n<meta property=\"og:url\" content=\"https:\/\/www.quantickhorizons.com\/index.php\/podemos-ayudarte\/\" \/>\n<meta property=\"og:site_name\" content=\"Quantick Horizons\" \/>\n<meta property=\"article:modified_time\" content=\"2023-01-07T23:40:50+00:00\" \/>\n<meta property=\"og:image\" content=\"https:\/\/www.quantickhorizons.com\/wp-content\/uploads\/2022\/11\/pexels-sora-shimazaki-5673488-1024x683.jpg\" \/>\n<meta name=\"twitter:card\" content=\"summary_large_image\" \/>\n<meta name=\"twitter:label1\" content=\"Est. reading time\" \/>\n\t<meta name=\"twitter:data1\" content=\"1 minute\" \/>\n<script type=\"application\/ld+json\" class=\"yoast-schema-graph\">{\"@context\":\"https:\/\/schema.org\",\"@graph\":[{\"@type\":\"WebPage\",\"@id\":\"https:\/\/www.quantickhorizons.com\/index.php\/podemos-ayudarte\/\",\"url\":\"https:\/\/www.quantickhorizons.com\/index.php\/podemos-ayudarte\/\",\"name\":\"PODEMOS AYUDARTE - Quantick Horizons\",\"isPartOf\":{\"@id\":\"https:\/\/www.quantickhorizons.com\/#website\"},\"datePublished\":\"2022-11-14T18:29:48+00:00\",\"dateModified\":\"2023-01-07T23:40:50+00:00\",\"description\":\"\u00a1Preg\u00fantanos! Seguro que podemos ayudarte. Rellena el siguiente formulario y nos pondremos en contacto contigo.\",\"breadcrumb\":{\"@id\":\"https:\/\/www.quantickhorizons.com\/index.php\/podemos-ayudarte\/#breadcrumb\"},\"inLanguage\":\"en-US\",\"potentialAction\":[{\"@type\":\"ReadAction\",\"target\":[\"https:\/\/www.quantickhorizons.com\/index.php\/podemos-ayudarte\/\"]}]},{\"@type\":\"BreadcrumbList\",\"@id\":\"https:\/\/www.quantickhorizons.com\/index.php\/podemos-ayudarte\/#breadcrumb\",\"itemListElement\":[{\"@type\":\"ListItem\",\"position\":1,\"name\":\"Portada\",\"item\":\"https:\/\/www.quantickhorizons.com\/\"},{\"@type\":\"ListItem\",\"position\":2,\"name\":\"PODEMOS AYUDARTE\"}]},{\"@type\":\"WebSite\",\"@id\":\"https:\/\/www.quantickhorizons.com\/#website\",\"url\":\"https:\/\/www.quantickhorizons.com\/\",\"name\":\"Quantick Horizons\",\"description\":\"Ofrecemos soluciones inteligentes mirando al futuro\",\"publisher\":{\"@id\":\"https:\/\/www.quantickhorizons.com\/#organization\"},\"potentialAction\":[{\"@type\":\"SearchAction\",\"target\":{\"@type\":\"EntryPoint\",\"urlTemplate\":\"https:\/\/www.quantickhorizons.com\/?s={search_term_string}\"},\"query-input\":\"required name=search_term_string\"}],\"inLanguage\":\"en-US\"},{\"@type\":\"Organization\",\"@id\":\"https:\/\/www.quantickhorizons.com\/#organization\",\"name\":\"Quantick Horizons\",\"url\":\"https:\/\/www.quantickhorizons.com\/\",\"logo\":{\"@type\":\"ImageObject\",\"inLanguage\":\"en-US\",\"@id\":\"https:\/\/www.quantickhorizons.com\/#\/schema\/logo\/image\/\",\"url\":\"https:\/\/www.quantickhorizons.com\/wp-content\/uploads\/2022\/11\/Logo-Quantick-Horizons_Letras-dentro_Negro-1.png\",\"contentUrl\":\"https:\/\/www.quantickhorizons.com\/wp-content\/uploads\/2022\/11\/Logo-Quantick-Horizons_Letras-dentro_Negro-1.png\",\"width\":360,\"height\":360,\"caption\":\"Quantick Horizons\"},\"image\":{\"@id\":\"https:\/\/www.quantickhorizons.com\/#\/schema\/logo\/image\/\"},\"sameAs\":[\"https:\/\/www.linkedin.com\/company\/quantick-horizons-s-l\/about\/\"]}]}<\/script>\n<!-- \/ Yoast SEO plugin. -->","yoast_head_json":{"title":"PODEMOS AYUDARTE - Quantick Horizons","description":"\u00a1Preg\u00fantanos! Seguro que podemos ayudarte. Rellena el siguiente formulario y nos pondremos en contacto contigo.","robots":{"index":"index","follow":"follow","max-snippet":"max-snippet:-1","max-image-preview":"max-image-preview:large","max-video-preview":"max-video-preview:-1"},"canonical":"https:\/\/www.quantickhorizons.com\/index.php\/podemos-ayudarte\/","og_locale":"en_US","og_type":"article","og_title":"PODEMOS AYUDARTE - Quantick Horizons","og_description":"\u00a1Preg\u00fantanos! Seguro que podemos ayudarte. Rellena el siguiente formulario y nos pondremos en contacto contigo.","og_url":"https:\/\/www.quantickhorizons.com\/index.php\/podemos-ayudarte\/","og_site_name":"Quantick Horizons","article_modified_time":"2023-01-07T23:40:50+00:00","og_image":[{"url":"https:\/\/www.quantickhorizons.com\/wp-content\/uploads\/2022\/11\/pexels-sora-shimazaki-5673488-1024x683.jpg"}],"twitter_card":"summary_large_image","twitter_misc":{"Est. reading time":"1 minute"},"schema":{"@context":"https:\/\/schema.org","@graph":[{"@type":"WebPage","@id":"https:\/\/www.quantickhorizons.com\/index.php\/podemos-ayudarte\/","url":"https:\/\/www.quantickhorizons.com\/index.php\/podemos-ayudarte\/","name":"PODEMOS AYUDARTE - Quantick Horizons","isPartOf":{"@id":"https:\/\/www.quantickhorizons.com\/#website"},"datePublished":"2022-11-14T18:29:48+00:00","dateModified":"2023-01-07T23:40:50+00:00","description":"\u00a1Preg\u00fantanos! Seguro que podemos ayudarte. Rellena el siguiente formulario y nos pondremos en contacto contigo.","breadcrumb":{"@id":"https:\/\/www.quantickhorizons.com\/index.php\/podemos-ayudarte\/#breadcrumb"},"inLanguage":"en-US","potentialAction":[{"@type":"ReadAction","target":["https:\/\/www.quantickhorizons.com\/index.php\/podemos-ayudarte\/"]}]},{"@type":"BreadcrumbList","@id":"https:\/\/www.quantickhorizons.com\/index.php\/podemos-ayudarte\/#breadcrumb","itemListElement":[{"@type":"ListItem","position":1,"name":"Portada","item":"https:\/\/www.quantickhorizons.com\/"},{"@type":"ListItem","position":2,"name":"PODEMOS AYUDARTE"}]},{"@type":"WebSite","@id":"https:\/\/www.quantickhorizons.com\/#website","url":"https:\/\/www.quantickhorizons.com\/","name":"Quantick Horizons","description":"Ofrecemos soluciones inteligentes mirando al futuro","publisher":{"@id":"https:\/\/www.quantickhorizons.com\/#organization"},"potentialAction":[{"@type":"SearchAction","target":{"@type":"EntryPoint","urlTemplate":"https:\/\/www.quantickhorizons.com\/?s={search_term_string}"},"query-input":"required name=search_term_string"}],"inLanguage":"en-US"},{"@type":"Organization","@id":"https:\/\/www.quantickhorizons.com\/#organization","name":"Quantick Horizons","url":"https:\/\/www.quantickhorizons.com\/","logo":{"@type":"ImageObject","inLanguage":"en-US","@id":"https:\/\/www.quantickhorizons.com\/#\/schema\/logo\/image\/","url":"https:\/\/www.quantickhorizons.com\/wp-content\/uploads\/2022\/11\/Logo-Quantick-Horizons_Letras-dentro_Negro-1.png","contentUrl":"https:\/\/www.quantickhorizons.com\/wp-content\/uploads\/2022\/11\/Logo-Quantick-Horizons_Letras-dentro_Negro-1.png","width":360,"height":360,"caption":"Quantick Horizons"},"image":{"@id":"https:\/\/www.quantickhorizons.com\/#\/schema\/logo\/image\/"},"sameAs":["https:\/\/www.linkedin.com\/company\/quantick-horizons-s-l\/about\/"]}]}},"_links":{"self":[{"href":"https:\/\/www.quantickhorizons.com\/index.php\/wp-json\/wp\/v2\/pages\/45","targetHints":{"allow":["GET"]}}],"collection":[{"href":"https:\/\/www.quantickhorizons.com\/index.php\/wp-json\/wp\/v2\/pages"}],"about":[{"href":"https:\/\/www.quantickhorizons.com\/index.php\/wp-json\/wp\/v2\/types\/page"}],"author":[{"embeddable":true,"href":"https:\/\/www.quantickhorizons.com\/index.php\/wp-json\/wp\/v2\/users\/1"}],"replies":[{"embeddable":true,"href":"https:\/\/www.quantickhorizons.com\/index.php\/wp-json\/wp\/v2\/comments?post=45"}],"version-history":[{"count":8,"href":"https:\/\/www.quantickhorizons.com\/index.php\/wp-json\/wp\/v2\/pages\/45\/revisions"}],"predecessor-version":[{"id":258,"href":"https:\/\/www.quantickhorizons.com\/index.php\/wp-json\/wp\/v2\/pages\/45\/revisions\/258"}],"wp:attachment":[{"href":"https:\/\/www.quantickhorizons.com\/index.php\/wp-json\/wp\/v2\/media?parent=45"}],"curies":[{"name":"wp","href":"https:\/\/api.w.org\/{rel}","templated":true}]}}