{"id":32,"date":"2022-11-14T18:21:24","date_gmt":"2022-11-14T18:21:24","guid":{"rendered":"http:\/\/www.quantickhorizons.com\/?page_id=32"},"modified":"2023-01-07T22:51:38","modified_gmt":"2023-01-07T22:51:38","slug":"conversion-de-robots-de-mt4-a-mt5","status":"publish","type":"page","link":"https:\/\/www.quantickhorizons.com\/index.php\/conversion-de-robots-de-mt4-a-mt5\/","title":{"rendered":"CONVERSI\u00d3N DE ROBOTS DE MT4 A MT5"},"content":{"rendered":"\n<p>Si ya tienes una estrategia automatizada o robot de trading para Metatrader 4 (MT4) y quieres beneficiarte de las mejores herramientas, mayor potencia y m\u00e1s amplio rango de activos que ofrece Metatrader 5 (MT5) con respecto a MT4, no lo dudes, ponte en contacto con nosotros y te presupuestaremos sin compromiso la conversi\u00f3n de robots de MT4 a MT5 de tal forma que obtengas un robot igualmente operativo en esta plataforma.<\/p>\n\n\n\n<figure class=\"wp-block-image size-full is-resized\"><img loading=\"lazy\" decoding=\"async\" src=\"https:\/\/www.quantickhorizons.com\/wp-content\/uploads\/2023\/01\/Imagen_Linkedin_Conversion-MT4-a-MT5_QH_20221119.jpg\" alt=\"Conversi\u00f3n de MT4 a MT5\" class=\"wp-image-208\" width=\"1200\" height=\"600\" srcset=\"https:\/\/www.quantickhorizons.com\/wp-content\/uploads\/2023\/01\/Imagen_Linkedin_Conversion-MT4-a-MT5_QH_20221119.jpg 827w, https:\/\/www.quantickhorizons.com\/wp-content\/uploads\/2023\/01\/Imagen_Linkedin_Conversion-MT4-a-MT5_QH_20221119-300x150.jpg 300w, https:\/\/www.quantickhorizons.com\/wp-content\/uploads\/2023\/01\/Imagen_Linkedin_Conversion-MT4-a-MT5_QH_20221119-768x384.jpg 768w\" sizes=\"auto, (max-width: 1200px) 100vw, 1200px\" \/><\/figure>\n\n\n\n<p>Tal y como comentamos en la secci\u00f3n correspondiente a los robots de trading para MT5, el n\u00famero de usuarios de esa plataforma contin\u00faa creciendo. Terminar\u00e1 desbancando a su predecesora MT4. Hay motivos objetivos para que esto suceda y es por lo que resulta una buena idea valorar convertir tus estrategias automatizadas de MT4 a MT5. En Quantick Horizons, somos plenamente conscientes de lo que cuesta dar el salto y pasar tras a\u00f1os de uso del entorno familiar de MT4 a MT5. Pero cuando lo has hecho empiezas a preguntarte &#8220;\u00bfPor qu\u00e9 no lo habr\u00e9 hecho antes?&#8221;. Nosotros ya hemos pasado por ah\u00ed y estamos aqu\u00ed para acompa\u00f1aros en la transici\u00f3n.<\/p>\n\n\n\n<h2 class=\"wp-block-heading\">\u00bfC\u00f3mo se puede pasar de MT4 a MT5?<\/h2>\n\n\n\n<p>Una duda que siempre surge al valorar la posibilidad de conversi\u00f3n de tus Robots de MT4 a MT5 es si se puede realizar sin programar. Es decir, de manera autom\u00e1tica. La respuesta es &#8220;NO&#8221;. En el post de Linkedin que hay tras este link comentamos este asunto: <em><a href=\"https:\/\/www.linkedin.com\/posts\/quantick-horizons-s-l_se-puede-convertir-autom%C3%A1ticamente-un-robot-activity-7007434744053313536-nvDE?utm_source=share&amp;utm_medium=member_desktop\" target=\"_blank\" rel=\"noreferrer noopener\">\u00bfSe puede convertir autom\u00e1ticamente un robot de trading algor\u00edtmico para MetaTrader 4 (MT4) en un robot para MetaTrader 5 (MT5)?<\/a><\/em><\/p>\n\n\n\n<p>Se puede conseguir una estrategia automatizada para MT5 igualmente operativa y funcional que su versi\u00f3n previa para MT4. Adem\u00e1s, pasando a MT5 aprovechar\u00e1s mejoras en: calidad de los backtests, posibilidades de optimizaci\u00f3n de los par\u00e1metros de tus estrategias, calidad de los informes, etc.<\/p>\n\n\n\n<div class=\"wp-block-buttons is-layout-flex wp-block-buttons-is-layout-flex\">\n<div class=\"wp-block-button\"><a class=\"wp-block-button__link wp-element-button\" href=\"https:\/\/www.quantickhorizons.com\/index.php\/robots-de-trading\/\">Volver a Robots de trading<\/a><\/div>\n<\/div>\n","protected":false},"excerpt":{"rendered":"<p>Si ya tienes una estrategia automatizada o robot de trading para Metatrader 4 (MT4) y quieres beneficiarte de las mejores herramientas, mayor potencia y m\u00e1s amplio rango de activos que ofrece Metatrader 5 (MT5) con respecto a MT4, no lo dudes, ponte en contacto con nosotros y te presupuestaremos sin compromiso la conversi\u00f3n de robots &hellip;<\/p>\n<p class=\"read-more\"> <a class=\"\" href=\"https:\/\/www.quantickhorizons.com\/index.php\/conversion-de-robots-de-mt4-a-mt5\/\"> <span class=\"screen-reader-text\">CONVERSI\u00d3N DE ROBOTS DE MT4 A MT5<\/span> Read More &raquo;<\/a><\/p>\n","protected":false},"author":1,"featured_media":0,"parent":0,"menu_order":0,"comment_status":"closed","ping_status":"closed","template":"","meta":{"_monsterinsights_skip_tracking":false,"_monsterinsights_sitenote_active":false,"_monsterinsights_sitenote_note":"","_monsterinsights_sitenote_category":0,"site-sidebar-layout":"default","site-content-layout":"default","ast-global-header-display":"","ast-main-header-display":"","ast-hfb-above-header-display":"","ast-hfb-below-header-display":"","ast-hfb-mobile-header-display":"","site-post-title":"","ast-breadcrumbs-content":"","ast-featured-img":"","footer-sml-layout":"","theme-transparent-header-meta":"","adv-header-id-meta":"","stick-header-meta":"","header-above-stick-meta":"","header-main-stick-meta":"","header-below-stick-meta":"","footnotes":""},"class_list":["post-32","page","type-page","status-publish","hentry"],"yoast_head":"<!-- This site is optimized with the Yoast SEO plugin v19.14 - https:\/\/yoast.com\/wordpress\/plugins\/seo\/ -->\n<title>CONVERSI\u00d3N DE ROBOTS DE MT4 A MT5 - Quantick Horizons<\/title>\n<meta name=\"description\" content=\"Ponte en contacto con nosotros y te presupuestaremos sin compromiso la conversi\u00f3n de robots de MT4 a MT5 igualmente operativos\" \/>\n<meta name=\"robots\" content=\"index, follow, max-snippet:-1, max-image-preview:large, max-video-preview:-1\" \/>\n<link rel=\"canonical\" href=\"https:\/\/www.quantickhorizons.com\/index.php\/conversion-de-robots-de-mt4-a-mt5\/\" \/>\n<meta property=\"og:locale\" content=\"en_US\" \/>\n<meta property=\"og:type\" content=\"article\" \/>\n<meta property=\"og:title\" content=\"CONVERSI\u00d3N DE ROBOTS DE MT4 A MT5 - Quantick Horizons\" \/>\n<meta property=\"og:description\" content=\"Ponte en contacto con nosotros y te presupuestaremos sin compromiso la conversi\u00f3n de robots de MT4 a MT5 igualmente operativos\" \/>\n<meta property=\"og:url\" content=\"https:\/\/www.quantickhorizons.com\/index.php\/conversion-de-robots-de-mt4-a-mt5\/\" \/>\n<meta property=\"og:site_name\" content=\"Quantick Horizons\" \/>\n<meta property=\"article:modified_time\" content=\"2023-01-07T22:51:38+00:00\" \/>\n<meta property=\"og:image\" content=\"https:\/\/www.quantickhorizons.com\/wp-content\/uploads\/2023\/01\/Imagen_Linkedin_Conversion-MT4-a-MT5_QH_20221119.jpg\" \/>\n<meta name=\"twitter:card\" content=\"summary_large_image\" \/>\n<meta name=\"twitter:label1\" content=\"Est. reading time\" \/>\n\t<meta name=\"twitter:data1\" content=\"2 minutes\" \/>\n<script type=\"application\/ld+json\" class=\"yoast-schema-graph\">{\"@context\":\"https:\/\/schema.org\",\"@graph\":[{\"@type\":\"WebPage\",\"@id\":\"https:\/\/www.quantickhorizons.com\/index.php\/conversion-de-robots-de-mt4-a-mt5\/\",\"url\":\"https:\/\/www.quantickhorizons.com\/index.php\/conversion-de-robots-de-mt4-a-mt5\/\",\"name\":\"CONVERSI\u00d3N DE ROBOTS DE MT4 A MT5 - Quantick Horizons\",\"isPartOf\":{\"@id\":\"https:\/\/www.quantickhorizons.com\/#website\"},\"datePublished\":\"2022-11-14T18:21:24+00:00\",\"dateModified\":\"2023-01-07T22:51:38+00:00\",\"description\":\"Ponte en contacto con nosotros y te presupuestaremos sin compromiso la conversi\u00f3n de robots de MT4 a MT5 igualmente operativos\",\"breadcrumb\":{\"@id\":\"https:\/\/www.quantickhorizons.com\/index.php\/conversion-de-robots-de-mt4-a-mt5\/#breadcrumb\"},\"inLanguage\":\"en-US\",\"potentialAction\":[{\"@type\":\"ReadAction\",\"target\":[\"https:\/\/www.quantickhorizons.com\/index.php\/conversion-de-robots-de-mt4-a-mt5\/\"]}]},{\"@type\":\"BreadcrumbList\",\"@id\":\"https:\/\/www.quantickhorizons.com\/index.php\/conversion-de-robots-de-mt4-a-mt5\/#breadcrumb\",\"itemListElement\":[{\"@type\":\"ListItem\",\"position\":1,\"name\":\"Portada\",\"item\":\"https:\/\/www.quantickhorizons.com\/\"},{\"@type\":\"ListItem\",\"position\":2,\"name\":\"CONVERSI\u00d3N DE ROBOTS DE MT4 A MT5\"}]},{\"@type\":\"WebSite\",\"@id\":\"https:\/\/www.quantickhorizons.com\/#website\",\"url\":\"https:\/\/www.quantickhorizons.com\/\",\"name\":\"Quantick Horizons\",\"description\":\"Ofrecemos soluciones inteligentes mirando al futuro\",\"publisher\":{\"@id\":\"https:\/\/www.quantickhorizons.com\/#organization\"},\"potentialAction\":[{\"@type\":\"SearchAction\",\"target\":{\"@type\":\"EntryPoint\",\"urlTemplate\":\"https:\/\/www.quantickhorizons.com\/?s={search_term_string}\"},\"query-input\":\"required name=search_term_string\"}],\"inLanguage\":\"en-US\"},{\"@type\":\"Organization\",\"@id\":\"https:\/\/www.quantickhorizons.com\/#organization\",\"name\":\"Quantick Horizons\",\"url\":\"https:\/\/www.quantickhorizons.com\/\",\"logo\":{\"@type\":\"ImageObject\",\"inLanguage\":\"en-US\",\"@id\":\"https:\/\/www.quantickhorizons.com\/#\/schema\/logo\/image\/\",\"url\":\"https:\/\/www.quantickhorizons.com\/wp-content\/uploads\/2022\/11\/Logo-Quantick-Horizons_Letras-dentro_Negro-1.png\",\"contentUrl\":\"https:\/\/www.quantickhorizons.com\/wp-content\/uploads\/2022\/11\/Logo-Quantick-Horizons_Letras-dentro_Negro-1.png\",\"width\":360,\"height\":360,\"caption\":\"Quantick Horizons\"},\"image\":{\"@id\":\"https:\/\/www.quantickhorizons.com\/#\/schema\/logo\/image\/\"},\"sameAs\":[\"https:\/\/www.linkedin.com\/company\/quantick-horizons-s-l\/about\/\"]}]}<\/script>\n<!-- \/ Yoast SEO plugin. -->","yoast_head_json":{"title":"CONVERSI\u00d3N DE ROBOTS DE MT4 A MT5 - Quantick Horizons","description":"Ponte en contacto con nosotros y te presupuestaremos sin compromiso la conversi\u00f3n de robots de MT4 a MT5 igualmente operativos","robots":{"index":"index","follow":"follow","max-snippet":"max-snippet:-1","max-image-preview":"max-image-preview:large","max-video-preview":"max-video-preview:-1"},"canonical":"https:\/\/www.quantickhorizons.com\/index.php\/conversion-de-robots-de-mt4-a-mt5\/","og_locale":"en_US","og_type":"article","og_title":"CONVERSI\u00d3N DE ROBOTS DE MT4 A MT5 - Quantick Horizons","og_description":"Ponte en contacto con nosotros y te presupuestaremos sin compromiso la conversi\u00f3n de robots de MT4 a MT5 igualmente operativos","og_url":"https:\/\/www.quantickhorizons.com\/index.php\/conversion-de-robots-de-mt4-a-mt5\/","og_site_name":"Quantick Horizons","article_modified_time":"2023-01-07T22:51:38+00:00","og_image":[{"url":"https:\/\/www.quantickhorizons.com\/wp-content\/uploads\/2023\/01\/Imagen_Linkedin_Conversion-MT4-a-MT5_QH_20221119.jpg"}],"twitter_card":"summary_large_image","twitter_misc":{"Est. reading time":"2 minutes"},"schema":{"@context":"https:\/\/schema.org","@graph":[{"@type":"WebPage","@id":"https:\/\/www.quantickhorizons.com\/index.php\/conversion-de-robots-de-mt4-a-mt5\/","url":"https:\/\/www.quantickhorizons.com\/index.php\/conversion-de-robots-de-mt4-a-mt5\/","name":"CONVERSI\u00d3N DE ROBOTS DE MT4 A MT5 - Quantick Horizons","isPartOf":{"@id":"https:\/\/www.quantickhorizons.com\/#website"},"datePublished":"2022-11-14T18:21:24+00:00","dateModified":"2023-01-07T22:51:38+00:00","description":"Ponte en contacto con nosotros y te presupuestaremos sin compromiso la conversi\u00f3n de robots de MT4 a MT5 igualmente operativos","breadcrumb":{"@id":"https:\/\/www.quantickhorizons.com\/index.php\/conversion-de-robots-de-mt4-a-mt5\/#breadcrumb"},"inLanguage":"en-US","potentialAction":[{"@type":"ReadAction","target":["https:\/\/www.quantickhorizons.com\/index.php\/conversion-de-robots-de-mt4-a-mt5\/"]}]},{"@type":"BreadcrumbList","@id":"https:\/\/www.quantickhorizons.com\/index.php\/conversion-de-robots-de-mt4-a-mt5\/#breadcrumb","itemListElement":[{"@type":"ListItem","position":1,"name":"Portada","item":"https:\/\/www.quantickhorizons.com\/"},{"@type":"ListItem","position":2,"name":"CONVERSI\u00d3N DE ROBOTS DE MT4 A MT5"}]},{"@type":"WebSite","@id":"https:\/\/www.quantickhorizons.com\/#website","url":"https:\/\/www.quantickhorizons.com\/","name":"Quantick Horizons","description":"Ofrecemos soluciones inteligentes mirando al futuro","publisher":{"@id":"https:\/\/www.quantickhorizons.com\/#organization"},"potentialAction":[{"@type":"SearchAction","target":{"@type":"EntryPoint","urlTemplate":"https:\/\/www.quantickhorizons.com\/?s={search_term_string}"},"query-input":"required name=search_term_string"}],"inLanguage":"en-US"},{"@type":"Organization","@id":"https:\/\/www.quantickhorizons.com\/#organization","name":"Quantick Horizons","url":"https:\/\/www.quantickhorizons.com\/","logo":{"@type":"ImageObject","inLanguage":"en-US","@id":"https:\/\/www.quantickhorizons.com\/#\/schema\/logo\/image\/","url":"https:\/\/www.quantickhorizons.com\/wp-content\/uploads\/2022\/11\/Logo-Quantick-Horizons_Letras-dentro_Negro-1.png","contentUrl":"https:\/\/www.quantickhorizons.com\/wp-content\/uploads\/2022\/11\/Logo-Quantick-Horizons_Letras-dentro_Negro-1.png","width":360,"height":360,"caption":"Quantick Horizons"},"image":{"@id":"https:\/\/www.quantickhorizons.com\/#\/schema\/logo\/image\/"},"sameAs":["https:\/\/www.linkedin.com\/company\/quantick-horizons-s-l\/about\/"]}]}},"_links":{"self":[{"href":"https:\/\/www.quantickhorizons.com\/index.php\/wp-json\/wp\/v2\/pages\/32","targetHints":{"allow":["GET"]}}],"collection":[{"href":"https:\/\/www.quantickhorizons.com\/index.php\/wp-json\/wp\/v2\/pages"}],"about":[{"href":"https:\/\/www.quantickhorizons.com\/index.php\/wp-json\/wp\/v2\/types\/page"}],"author":[{"embeddable":true,"href":"https:\/\/www.quantickhorizons.com\/index.php\/wp-json\/wp\/v2\/users\/1"}],"replies":[{"embeddable":true,"href":"https:\/\/www.quantickhorizons.com\/index.php\/wp-json\/wp\/v2\/comments?post=32"}],"version-history":[{"count":22,"href":"https:\/\/www.quantickhorizons.com\/index.php\/wp-json\/wp\/v2\/pages\/32\/revisions"}],"predecessor-version":[{"id":243,"href":"https:\/\/www.quantickhorizons.com\/index.php\/wp-json\/wp\/v2\/pages\/32\/revisions\/243"}],"wp:attachment":[{"href":"https:\/\/www.quantickhorizons.com\/index.php\/wp-json\/wp\/v2\/media?parent=32"}],"curies":[{"name":"wp","href":"https:\/\/api.w.org\/{rel}","templated":true}]}}