{"id":26,"date":"2022-11-14T18:19:25","date_gmt":"2022-11-14T18:19:25","guid":{"rendered":"http:\/\/www.quantickhorizons.com\/?page_id=26"},"modified":"2023-01-08T00:52:42","modified_gmt":"2023-01-08T00:52:42","slug":"metatrader-4","status":"publish","type":"page","link":"https:\/\/www.quantickhorizons.com\/index.php\/metatrader-4\/","title":{"rendered":"METATRADER 4"},"content":{"rendered":"\n<p>En Quantick Horizons podemos automatizar tus estrategias de trading para convertirlas en robots de Metatrader 4 (MT4) robustos y eficientes que funcionen a tu servicio de forma automatizada 24 h\/d\u00eda, 365 d\u00edas\/a\u00f1o. As\u00ed que, si necesitas automatizar tus estrategias de trading para su uso en Metatrader 4, ponte en contacto con nosotros y te lo presupuestamos sin compromiso. <\/p>\n\n\n\n<p>Desde su lanzamiento en 2005, MT4 ha sido una de las principales plataformas de referencia para su uso con sistemas de trading algor\u00edtmico automatizado. Por ello, tanto su n\u00famero de usuarios como su comunidad han ido creciendo enormemente a lo largo de los todos estos a\u00f1os. No obstante, debido al crecimiento que ha venido experimentando en los \u00faltimos tiempos y a sus mejores prestaciones, nuestra recomendaci\u00f3n ser\u00eda utilizar Metatrader 5 (MT5).<\/p>\n\n\n\n<figure class=\"wp-block-image aligncenter size-large wp-duotone-unset-1\"><img loading=\"lazy\" decoding=\"async\" width=\"576\" height=\"1024\" src=\"https:\/\/www.quantickhorizons.com\/wp-content\/uploads\/2022\/11\/pexels-anna-nekrashevich-6801872-1-576x1024.jpg\" alt=\"Metatrader 4 - MT4\" class=\"wp-image-121\" srcset=\"https:\/\/www.quantickhorizons.com\/wp-content\/uploads\/2022\/11\/pexels-anna-nekrashevich-6801872-1-576x1024.jpg 576w, https:\/\/www.quantickhorizons.com\/wp-content\/uploads\/2022\/11\/pexels-anna-nekrashevich-6801872-1-169x300.jpg 169w, https:\/\/www.quantickhorizons.com\/wp-content\/uploads\/2022\/11\/pexels-anna-nekrashevich-6801872-1-768x1365.jpg 768w, https:\/\/www.quantickhorizons.com\/wp-content\/uploads\/2022\/11\/pexels-anna-nekrashevich-6801872-1-864x1536.jpg 864w, https:\/\/www.quantickhorizons.com\/wp-content\/uploads\/2022\/11\/pexels-anna-nekrashevich-6801872-1-1152x2048.jpg 1152w, https:\/\/www.quantickhorizons.com\/wp-content\/uploads\/2022\/11\/pexels-anna-nekrashevich-6801872-1-scaled.jpg 1440w\" sizes=\"auto, (max-width: 576px) 100vw, 576px\" \/><\/figure>\n\n\n\n<p>En caso de que ya tengas estrategias para MT4 operativas, desde QH tambi\u00e9n podemos llevar a cabo la conversi\u00f3n de esos robots programados para MT4 a MT5. Visita la secci\u00f3n &#8220;<a href=\"https:\/\/www.quantickhorizons.com\/index.php\/conversion-de-robots-de-mt4-a-mt5\/\">CONVERSI\u00d3N DE ROBOTS DE MT4 A MT5<\/a>&#8221; para conocer m\u00e1s detalles de este servicio que te permitir\u00e1 reaprovechar tus estrategias existentes y sacar partido de las mejoras de Metatrader 5 con respecto a su predecesora. \u00a1Estamos a tu disposici\u00f3n!<\/p>\n\n\n\n<div class=\"wp-block-buttons is-layout-flex wp-block-buttons-is-layout-flex\">\n<div class=\"wp-block-button\"><a class=\"wp-block-button__link wp-element-button\" href=\"https:\/\/www.quantickhorizons.com\/index.php\/robots-de-trading\/\">Volver a Robots de trading<\/a><\/div>\n<\/div>\n","protected":false},"excerpt":{"rendered":"<p>En Quantick Horizons podemos automatizar tus estrategias de trading para convertirlas en robots de Metatrader 4 (MT4) robustos y eficientes que funcionen a tu servicio de forma automatizada 24 h\/d\u00eda, 365 d\u00edas\/a\u00f1o. As\u00ed que, si necesitas automatizar tus estrategias de trading para su uso en Metatrader 4, ponte en contacto con nosotros y te lo &hellip;<\/p>\n<p class=\"read-more\"> <a class=\"\" href=\"https:\/\/www.quantickhorizons.com\/index.php\/metatrader-4\/\"> <span class=\"screen-reader-text\">METATRADER 4<\/span> Read More &raquo;<\/a><\/p>\n","protected":false},"author":1,"featured_media":0,"parent":0,"menu_order":0,"comment_status":"closed","ping_status":"closed","template":"","meta":{"_monsterinsights_skip_tracking":false,"_monsterinsights_sitenote_active":false,"_monsterinsights_sitenote_note":"","_monsterinsights_sitenote_category":0,"site-sidebar-layout":"default","site-content-layout":"default","ast-global-header-display":"","ast-main-header-display":"","ast-hfb-above-header-display":"","ast-hfb-below-header-display":"","ast-hfb-mobile-header-display":"","site-post-title":"","ast-breadcrumbs-content":"","ast-featured-img":"","footer-sml-layout":"","theme-transparent-header-meta":"","adv-header-id-meta":"","stick-header-meta":"","header-above-stick-meta":"","header-main-stick-meta":"","header-below-stick-meta":"","footnotes":""},"class_list":["post-26","page","type-page","status-publish","hentry"],"yoast_head":"<!-- This site is optimized with the Yoast SEO plugin v19.14 - https:\/\/yoast.com\/wordpress\/plugins\/seo\/ -->\n<title>METATRADER 4 - Quantick Horizons<\/title>\n<meta name=\"description\" content=\"En QH automatizamos tus estrategias de trading para convertirlas en robots de Metatrader 4 (MT4) robustos y eficientes a tu servicio 24\/7.\" \/>\n<meta name=\"robots\" content=\"index, follow, max-snippet:-1, max-image-preview:large, max-video-preview:-1\" \/>\n<link rel=\"canonical\" href=\"https:\/\/www.quantickhorizons.com\/index.php\/metatrader-4\/\" \/>\n<meta property=\"og:locale\" content=\"en_US\" \/>\n<meta property=\"og:type\" content=\"article\" \/>\n<meta property=\"og:title\" content=\"METATRADER 4 - Quantick Horizons\" \/>\n<meta property=\"og:description\" content=\"En QH automatizamos tus estrategias de trading para convertirlas en robots de Metatrader 4 (MT4) robustos y eficientes a tu servicio 24\/7.\" \/>\n<meta property=\"og:url\" content=\"https:\/\/www.quantickhorizons.com\/index.php\/metatrader-4\/\" \/>\n<meta property=\"og:site_name\" content=\"Quantick Horizons\" \/>\n<meta property=\"article:modified_time\" content=\"2023-01-08T00:52:42+00:00\" \/>\n<meta property=\"og:image\" content=\"https:\/\/www.quantickhorizons.com\/wp-content\/uploads\/2022\/11\/pexels-anna-nekrashevich-6801872-1-576x1024.jpg\" \/>\n<meta name=\"twitter:card\" content=\"summary_large_image\" \/>\n<meta name=\"twitter:label1\" content=\"Est. reading time\" \/>\n\t<meta name=\"twitter:data1\" content=\"2 minutes\" \/>\n<script type=\"application\/ld+json\" class=\"yoast-schema-graph\">{\"@context\":\"https:\/\/schema.org\",\"@graph\":[{\"@type\":\"WebPage\",\"@id\":\"https:\/\/www.quantickhorizons.com\/index.php\/metatrader-4\/\",\"url\":\"https:\/\/www.quantickhorizons.com\/index.php\/metatrader-4\/\",\"name\":\"METATRADER 4 - Quantick Horizons\",\"isPartOf\":{\"@id\":\"https:\/\/www.quantickhorizons.com\/#website\"},\"datePublished\":\"2022-11-14T18:19:25+00:00\",\"dateModified\":\"2023-01-08T00:52:42+00:00\",\"description\":\"En QH automatizamos tus estrategias de trading para convertirlas en robots de Metatrader 4 (MT4) robustos y eficientes a tu servicio 24\/7.\",\"breadcrumb\":{\"@id\":\"https:\/\/www.quantickhorizons.com\/index.php\/metatrader-4\/#breadcrumb\"},\"inLanguage\":\"en-US\",\"potentialAction\":[{\"@type\":\"ReadAction\",\"target\":[\"https:\/\/www.quantickhorizons.com\/index.php\/metatrader-4\/\"]}]},{\"@type\":\"BreadcrumbList\",\"@id\":\"https:\/\/www.quantickhorizons.com\/index.php\/metatrader-4\/#breadcrumb\",\"itemListElement\":[{\"@type\":\"ListItem\",\"position\":1,\"name\":\"Portada\",\"item\":\"https:\/\/www.quantickhorizons.com\/\"},{\"@type\":\"ListItem\",\"position\":2,\"name\":\"METATRADER 4\"}]},{\"@type\":\"WebSite\",\"@id\":\"https:\/\/www.quantickhorizons.com\/#website\",\"url\":\"https:\/\/www.quantickhorizons.com\/\",\"name\":\"Quantick Horizons\",\"description\":\"Ofrecemos soluciones inteligentes mirando al futuro\",\"publisher\":{\"@id\":\"https:\/\/www.quantickhorizons.com\/#organization\"},\"potentialAction\":[{\"@type\":\"SearchAction\",\"target\":{\"@type\":\"EntryPoint\",\"urlTemplate\":\"https:\/\/www.quantickhorizons.com\/?s={search_term_string}\"},\"query-input\":\"required name=search_term_string\"}],\"inLanguage\":\"en-US\"},{\"@type\":\"Organization\",\"@id\":\"https:\/\/www.quantickhorizons.com\/#organization\",\"name\":\"Quantick Horizons\",\"url\":\"https:\/\/www.quantickhorizons.com\/\",\"logo\":{\"@type\":\"ImageObject\",\"inLanguage\":\"en-US\",\"@id\":\"https:\/\/www.quantickhorizons.com\/#\/schema\/logo\/image\/\",\"url\":\"https:\/\/www.quantickhorizons.com\/wp-content\/uploads\/2022\/11\/Logo-Quantick-Horizons_Letras-dentro_Negro-1.png\",\"contentUrl\":\"https:\/\/www.quantickhorizons.com\/wp-content\/uploads\/2022\/11\/Logo-Quantick-Horizons_Letras-dentro_Negro-1.png\",\"width\":360,\"height\":360,\"caption\":\"Quantick Horizons\"},\"image\":{\"@id\":\"https:\/\/www.quantickhorizons.com\/#\/schema\/logo\/image\/\"},\"sameAs\":[\"https:\/\/www.linkedin.com\/company\/quantick-horizons-s-l\/about\/\"]}]}<\/script>\n<!-- \/ Yoast SEO plugin. -->","yoast_head_json":{"title":"METATRADER 4 - Quantick Horizons","description":"En QH automatizamos tus estrategias de trading para convertirlas en robots de Metatrader 4 (MT4) robustos y eficientes a tu servicio 24\/7.","robots":{"index":"index","follow":"follow","max-snippet":"max-snippet:-1","max-image-preview":"max-image-preview:large","max-video-preview":"max-video-preview:-1"},"canonical":"https:\/\/www.quantickhorizons.com\/index.php\/metatrader-4\/","og_locale":"en_US","og_type":"article","og_title":"METATRADER 4 - Quantick Horizons","og_description":"En QH automatizamos tus estrategias de trading para convertirlas en robots de Metatrader 4 (MT4) robustos y eficientes a tu servicio 24\/7.","og_url":"https:\/\/www.quantickhorizons.com\/index.php\/metatrader-4\/","og_site_name":"Quantick Horizons","article_modified_time":"2023-01-08T00:52:42+00:00","og_image":[{"url":"https:\/\/www.quantickhorizons.com\/wp-content\/uploads\/2022\/11\/pexels-anna-nekrashevich-6801872-1-576x1024.jpg"}],"twitter_card":"summary_large_image","twitter_misc":{"Est. reading time":"2 minutes"},"schema":{"@context":"https:\/\/schema.org","@graph":[{"@type":"WebPage","@id":"https:\/\/www.quantickhorizons.com\/index.php\/metatrader-4\/","url":"https:\/\/www.quantickhorizons.com\/index.php\/metatrader-4\/","name":"METATRADER 4 - Quantick Horizons","isPartOf":{"@id":"https:\/\/www.quantickhorizons.com\/#website"},"datePublished":"2022-11-14T18:19:25+00:00","dateModified":"2023-01-08T00:52:42+00:00","description":"En QH automatizamos tus estrategias de trading para convertirlas en robots de Metatrader 4 (MT4) robustos y eficientes a tu servicio 24\/7.","breadcrumb":{"@id":"https:\/\/www.quantickhorizons.com\/index.php\/metatrader-4\/#breadcrumb"},"inLanguage":"en-US","potentialAction":[{"@type":"ReadAction","target":["https:\/\/www.quantickhorizons.com\/index.php\/metatrader-4\/"]}]},{"@type":"BreadcrumbList","@id":"https:\/\/www.quantickhorizons.com\/index.php\/metatrader-4\/#breadcrumb","itemListElement":[{"@type":"ListItem","position":1,"name":"Portada","item":"https:\/\/www.quantickhorizons.com\/"},{"@type":"ListItem","position":2,"name":"METATRADER 4"}]},{"@type":"WebSite","@id":"https:\/\/www.quantickhorizons.com\/#website","url":"https:\/\/www.quantickhorizons.com\/","name":"Quantick Horizons","description":"Ofrecemos soluciones inteligentes mirando al futuro","publisher":{"@id":"https:\/\/www.quantickhorizons.com\/#organization"},"potentialAction":[{"@type":"SearchAction","target":{"@type":"EntryPoint","urlTemplate":"https:\/\/www.quantickhorizons.com\/?s={search_term_string}"},"query-input":"required name=search_term_string"}],"inLanguage":"en-US"},{"@type":"Organization","@id":"https:\/\/www.quantickhorizons.com\/#organization","name":"Quantick Horizons","url":"https:\/\/www.quantickhorizons.com\/","logo":{"@type":"ImageObject","inLanguage":"en-US","@id":"https:\/\/www.quantickhorizons.com\/#\/schema\/logo\/image\/","url":"https:\/\/www.quantickhorizons.com\/wp-content\/uploads\/2022\/11\/Logo-Quantick-Horizons_Letras-dentro_Negro-1.png","contentUrl":"https:\/\/www.quantickhorizons.com\/wp-content\/uploads\/2022\/11\/Logo-Quantick-Horizons_Letras-dentro_Negro-1.png","width":360,"height":360,"caption":"Quantick Horizons"},"image":{"@id":"https:\/\/www.quantickhorizons.com\/#\/schema\/logo\/image\/"},"sameAs":["https:\/\/www.linkedin.com\/company\/quantick-horizons-s-l\/about\/"]}]}},"_links":{"self":[{"href":"https:\/\/www.quantickhorizons.com\/index.php\/wp-json\/wp\/v2\/pages\/26","targetHints":{"allow":["GET"]}}],"collection":[{"href":"https:\/\/www.quantickhorizons.com\/index.php\/wp-json\/wp\/v2\/pages"}],"about":[{"href":"https:\/\/www.quantickhorizons.com\/index.php\/wp-json\/wp\/v2\/types\/page"}],"author":[{"embeddable":true,"href":"https:\/\/www.quantickhorizons.com\/index.php\/wp-json\/wp\/v2\/users\/1"}],"replies":[{"embeddable":true,"href":"https:\/\/www.quantickhorizons.com\/index.php\/wp-json\/wp\/v2\/comments?post=26"}],"version-history":[{"count":7,"href":"https:\/\/www.quantickhorizons.com\/index.php\/wp-json\/wp\/v2\/pages\/26\/revisions"}],"predecessor-version":[{"id":293,"href":"https:\/\/www.quantickhorizons.com\/index.php\/wp-json\/wp\/v2\/pages\/26\/revisions\/293"}],"wp:attachment":[{"href":"https:\/\/www.quantickhorizons.com\/index.php\/wp-json\/wp\/v2\/media?parent=26"}],"curies":[{"name":"wp","href":"https:\/\/api.w.org\/{rel}","templated":true}]}}