{"id":16,"date":"2022-11-14T18:18:52","date_gmt":"2022-11-14T18:18:52","guid":{"rendered":"http:\/\/www.quantickhorizons.com\/?page_id=16"},"modified":"2023-01-07T23:39:13","modified_gmt":"2023-01-07T23:39:13","slug":"robots-de-trading","status":"publish","type":"page","link":"https:\/\/www.quantickhorizons.com\/index.php\/robots-de-trading\/","title":{"rendered":"ROBOTS DE TRADING"},"content":{"rendered":"\n<p>Tanto si est\u00e1s empezando a invertir y no tienes claro como transformar tus ideas de trading en una estrategia automatizada o robots de trading plenamente operativos, como si ya tienes cierta experiencia pero tienes dudas sobre si est\u00e1s siguiendo el procedimiento correcto para lograr poner tu proyecto en operaci\u00f3n en real, desde QH nos ponemos a tu servicio. Ponemos a tu disposici\u00f3n nuestra propia experiencia para ayudarte en el camino.<\/p>\n\n\n\n<p>Si necesitas asistencia a la puesta en operaci\u00f3n de estrategias automatizadas o robots de trading con Metatrader 4 (MT4) y Metatrader 5 (MT5), com\u00e9ntanoslo y te lo presupuestamos sin compromiso en funci\u00f3n de tu caso concreto.<\/p>\n\n\n\n<h2 class=\"wp-block-heading\">Nuestra experiencia en la puesta en operaci\u00f3n de robots para Metatrader<\/h2>\n\n\n\n<p>Sabemos por experiencia propia lo que supone, tanto en tiempo como en otros recursos, conseguir llevar a real con fiabilidad un robot de trading en Metatrader. Aprovecha las \u201clecciones aprendidas\u201d: Hemos pasado por todas las etapas; desde el bloqueo innecesario hasta la euforia injustificada a causa de no realizar correctamente el proceso. Estamos deseando ayudarte para que reduzcas el tiempo y el dinero necesario para poder tener un robot de trading operativo, basado en tus propias ideas en funcionamiento, y que, a la vez, mantengas unas expectativas apropiadas sobre los resultados esperables.<\/p>\n\n\n\n<p>Estos son algunos de los puntos cr\u00edticos en el proceso de puesta en operaci\u00f3n de un robot de trading con Metatrader:<\/p>\n\n\n\n<p>\u2022Selecci\u00f3n de la plataforma y el tipo de br\u00f3ker. Activos disponibles<\/p>\n\n\n\n<p>\u2022Automatizaci\u00f3n de la estrategia \/ robot de trading con Metatrader<\/p>\n\n\n\n<p>\u2022Datos disponibles, c\u00f3mo conseguirlos y c\u00f3mo utilizarlos<\/p>\n\n\n\n<p>\u2022Comprobaci\u00f3n de la robustez de la estrategia en el largo plazo. Pol\u00edticas de gesti\u00f3n de riesgo y Money Management<\/p>\n\n\n\n<p>\u2022Selecci\u00f3n de servidores tipo VPS para operaci\u00f3n continuada del robot de trading con Metatrader<\/p>\n\n\n\n<p>\u2022Pruebas en demo<\/p>\n\n\n\n<p>\u2022Carga a real<\/p>\n\n\n\n<p>\u2022Monitorizaci\u00f3n del desempe\u00f1o del robot Optimizaci\u00f3n peri\u00f3dica de los valores de cada par\u00e1metro clave de las reglas de la estrategia<\/p>\n\n\n\n<div class=\"wp-block-columns is-layout-flex wp-container-core-columns-is-layout-28f84493 wp-block-columns-is-layout-flex\">\n<div class=\"wp-block-column is-layout-flow wp-block-column-is-layout-flow\">\n<div class=\"wp-block-media-text alignwide is-stacked-on-mobile\"><figure class=\"wp-block-media-text__media\"><img loading=\"lazy\" decoding=\"async\" width=\"225\" height=\"225\" src=\"http:\/\/www.quantickhorizons.com\/wp-content\/uploads\/2022\/11\/MetaTrader4-2.png\" alt=\"Programaci\u00f3n de robots para MT4\" class=\"wp-image-24 size-full\" srcset=\"https:\/\/www.quantickhorizons.com\/wp-content\/uploads\/2022\/11\/MetaTrader4-2.png 225w, https:\/\/www.quantickhorizons.com\/wp-content\/uploads\/2022\/11\/MetaTrader4-2-150x150.png 150w\" sizes=\"auto, (max-width: 225px) 100vw, 225px\" \/><\/figure><div class=\"wp-block-media-text__content\">\n<p>ROBOTS DE TRADING PARA METATRADER 4<\/p>\n\n\n\n<div class=\"wp-block-buttons is-layout-flex wp-block-buttons-is-layout-flex\">\n<div class=\"wp-block-button\"><a class=\"wp-block-button__link wp-element-button\" href=\"http:\/\/www.quantickhorizons.com\/index.php\/metatrader-4\/\">Saber m\u00e1s<\/a><\/div>\n<\/div>\n<\/div><\/div>\n<\/div>\n\n\n\n<div class=\"wp-block-column is-layout-flow wp-block-column-is-layout-flow\">\n<div class=\"wp-block-media-text alignwide is-stacked-on-mobile\"><figure class=\"wp-block-media-text__media\"><img loading=\"lazy\" decoding=\"async\" width=\"225\" height=\"225\" src=\"http:\/\/www.quantickhorizons.com\/wp-content\/uploads\/2022\/11\/MetaTrader5-SQ-2.png\" alt=\"Programaci\u00f3n de robots para MT5\" class=\"wp-image-22 size-full\" srcset=\"https:\/\/www.quantickhorizons.com\/wp-content\/uploads\/2022\/11\/MetaTrader5-SQ-2.png 225w, https:\/\/www.quantickhorizons.com\/wp-content\/uploads\/2022\/11\/MetaTrader5-SQ-2-150x150.png 150w\" sizes=\"auto, (max-width: 225px) 100vw, 225px\" \/><\/figure><div class=\"wp-block-media-text__content\">\n<p>ROBOTS DE TRADING PARA METATRADER 5<\/p>\n\n\n\n<div class=\"wp-block-buttons is-layout-flex wp-block-buttons-is-layout-flex\">\n<div class=\"wp-block-button\"><a class=\"wp-block-button__link wp-element-button\" href=\"http:\/\/www.quantickhorizons.com\/index.php\/metatrader-5\/\">Saber m\u00e1s<\/a><\/div>\n<\/div>\n<\/div><\/div>\n<\/div>\n<\/div>\n\n\n\n<div class=\"wp-block-media-text alignwide is-stacked-on-mobile\"><figure class=\"wp-block-media-text__media\"><img loading=\"lazy\" decoding=\"async\" width=\"488\" height=\"196\" src=\"http:\/\/www.quantickhorizons.com\/wp-content\/uploads\/2022\/11\/MT4-TO-MT5.jpg\" alt=\"Conversi\u00f3n de robots para MT4 a MT5\" class=\"wp-image-21 size-full\" srcset=\"https:\/\/www.quantickhorizons.com\/wp-content\/uploads\/2022\/11\/MT4-TO-MT5.jpg 488w, https:\/\/www.quantickhorizons.com\/wp-content\/uploads\/2022\/11\/MT4-TO-MT5-300x120.jpg 300w\" sizes=\"auto, (max-width: 488px) 100vw, 488px\" \/><\/figure><div class=\"wp-block-media-text__content\">\n<p>TRADUCE TU ROBOT DE TRADING DE METATRADER 4 A METATRADER 5<\/p>\n\n\n\n<div class=\"wp-block-buttons is-layout-flex wp-block-buttons-is-layout-flex\">\n<div class=\"wp-block-button\"><a class=\"wp-block-button__link wp-element-button\" href=\"https:\/\/www.quantickhorizons.com\/index.php\/conversion-de-robots-de-mt4-a-mt5\/\">Saber m\u00e1s<\/a><\/div>\n<\/div>\n<\/div><\/div>\n\n\n\n<p><\/p>\n\n\n\n<p><strong>AVISO IMPORTANTE.<\/strong> Los CFDs son instrumentos complejos y conllevan un alto riesgo de perder dinero r\u00e1pidamente debido al apalancamiento. El 74-89% de las cuentas de inversores minoristas pierden dinero al operar con CFDs. Debe considerar si entiende c\u00f3mo funcionan los CFDs y si puede permitirse el alto riesgo de perder su dinero.<\/p>\n","protected":false},"excerpt":{"rendered":"<p>Tanto si est\u00e1s empezando a invertir y no tienes claro como transformar tus ideas de trading en una estrategia automatizada o robots de trading plenamente operativos, como si ya tienes cierta experiencia pero tienes dudas sobre si est\u00e1s siguiendo el procedimiento correcto para lograr poner tu proyecto en operaci\u00f3n en real, desde QH nos ponemos &hellip;<\/p>\n<p class=\"read-more\"> <a class=\"\" href=\"https:\/\/www.quantickhorizons.com\/index.php\/robots-de-trading\/\"> <span class=\"screen-reader-text\">ROBOTS DE TRADING<\/span> Read More &raquo;<\/a><\/p>\n","protected":false},"author":1,"featured_media":0,"parent":0,"menu_order":0,"comment_status":"closed","ping_status":"closed","template":"","meta":{"_monsterinsights_skip_tracking":false,"_monsterinsights_sitenote_active":false,"_monsterinsights_sitenote_note":"","_monsterinsights_sitenote_category":0,"site-sidebar-layout":"default","site-content-layout":"default","ast-global-header-display":"","ast-main-header-display":"","ast-hfb-above-header-display":"","ast-hfb-below-header-display":"","ast-hfb-mobile-header-display":"","site-post-title":"","ast-breadcrumbs-content":"","ast-featured-img":"","footer-sml-layout":"","theme-transparent-header-meta":"","adv-header-id-meta":"","stick-header-meta":"","header-above-stick-meta":"","header-main-stick-meta":"","header-below-stick-meta":"","footnotes":""},"class_list":["post-16","page","type-page","status-publish","hentry"],"yoast_head":"<!-- This site is optimized with the Yoast SEO plugin v19.14 - https:\/\/yoast.com\/wordpress\/plugins\/seo\/ -->\n<title>ROBOTS DE TRADING - Quantick Horizons<\/title>\n<meta name=\"description\" content=\"Si quieres convertir tu estrategia de trading manual en robots de trading plenamente operativos, desde QH nos ponemos a tu servicio.\" \/>\n<meta name=\"robots\" content=\"index, follow, max-snippet:-1, max-image-preview:large, max-video-preview:-1\" \/>\n<link rel=\"canonical\" href=\"https:\/\/www.quantickhorizons.com\/index.php\/robots-de-trading\/\" \/>\n<meta property=\"og:locale\" content=\"en_US\" \/>\n<meta property=\"og:type\" content=\"article\" \/>\n<meta property=\"og:title\" content=\"ROBOTS DE TRADING - Quantick Horizons\" \/>\n<meta property=\"og:description\" content=\"Si quieres convertir tu estrategia de trading manual en robots de trading plenamente operativos, desde QH nos ponemos a tu servicio.\" \/>\n<meta property=\"og:url\" content=\"https:\/\/www.quantickhorizons.com\/index.php\/robots-de-trading\/\" \/>\n<meta property=\"og:site_name\" content=\"Quantick Horizons\" \/>\n<meta property=\"article:modified_time\" content=\"2023-01-07T23:39:13+00:00\" \/>\n<meta property=\"og:image\" content=\"http:\/\/www.quantickhorizons.com\/wp-content\/uploads\/2022\/11\/MetaTrader4-2.png\" \/>\n<meta name=\"twitter:card\" content=\"summary_large_image\" \/>\n<meta name=\"twitter:label1\" content=\"Est. reading time\" \/>\n\t<meta name=\"twitter:data1\" content=\"3 minutes\" \/>\n<script type=\"application\/ld+json\" class=\"yoast-schema-graph\">{\"@context\":\"https:\/\/schema.org\",\"@graph\":[{\"@type\":\"WebPage\",\"@id\":\"https:\/\/www.quantickhorizons.com\/index.php\/robots-de-trading\/\",\"url\":\"https:\/\/www.quantickhorizons.com\/index.php\/robots-de-trading\/\",\"name\":\"ROBOTS DE TRADING - Quantick Horizons\",\"isPartOf\":{\"@id\":\"https:\/\/www.quantickhorizons.com\/#website\"},\"datePublished\":\"2022-11-14T18:18:52+00:00\",\"dateModified\":\"2023-01-07T23:39:13+00:00\",\"description\":\"Si quieres convertir tu estrategia de trading manual en robots de trading plenamente operativos, desde QH nos ponemos a tu servicio.\",\"breadcrumb\":{\"@id\":\"https:\/\/www.quantickhorizons.com\/index.php\/robots-de-trading\/#breadcrumb\"},\"inLanguage\":\"en-US\",\"potentialAction\":[{\"@type\":\"ReadAction\",\"target\":[\"https:\/\/www.quantickhorizons.com\/index.php\/robots-de-trading\/\"]}]},{\"@type\":\"BreadcrumbList\",\"@id\":\"https:\/\/www.quantickhorizons.com\/index.php\/robots-de-trading\/#breadcrumb\",\"itemListElement\":[{\"@type\":\"ListItem\",\"position\":1,\"name\":\"Portada\",\"item\":\"https:\/\/www.quantickhorizons.com\/\"},{\"@type\":\"ListItem\",\"position\":2,\"name\":\"ROBOTS DE TRADING\"}]},{\"@type\":\"WebSite\",\"@id\":\"https:\/\/www.quantickhorizons.com\/#website\",\"url\":\"https:\/\/www.quantickhorizons.com\/\",\"name\":\"Quantick Horizons\",\"description\":\"Ofrecemos soluciones inteligentes mirando al futuro\",\"publisher\":{\"@id\":\"https:\/\/www.quantickhorizons.com\/#organization\"},\"potentialAction\":[{\"@type\":\"SearchAction\",\"target\":{\"@type\":\"EntryPoint\",\"urlTemplate\":\"https:\/\/www.quantickhorizons.com\/?s={search_term_string}\"},\"query-input\":\"required name=search_term_string\"}],\"inLanguage\":\"en-US\"},{\"@type\":\"Organization\",\"@id\":\"https:\/\/www.quantickhorizons.com\/#organization\",\"name\":\"Quantick Horizons\",\"url\":\"https:\/\/www.quantickhorizons.com\/\",\"logo\":{\"@type\":\"ImageObject\",\"inLanguage\":\"en-US\",\"@id\":\"https:\/\/www.quantickhorizons.com\/#\/schema\/logo\/image\/\",\"url\":\"https:\/\/www.quantickhorizons.com\/wp-content\/uploads\/2022\/11\/Logo-Quantick-Horizons_Letras-dentro_Negro-1.png\",\"contentUrl\":\"https:\/\/www.quantickhorizons.com\/wp-content\/uploads\/2022\/11\/Logo-Quantick-Horizons_Letras-dentro_Negro-1.png\",\"width\":360,\"height\":360,\"caption\":\"Quantick Horizons\"},\"image\":{\"@id\":\"https:\/\/www.quantickhorizons.com\/#\/schema\/logo\/image\/\"},\"sameAs\":[\"https:\/\/www.linkedin.com\/company\/quantick-horizons-s-l\/about\/\"]}]}<\/script>\n<!-- \/ Yoast SEO plugin. -->","yoast_head_json":{"title":"ROBOTS DE TRADING - Quantick Horizons","description":"Si quieres convertir tu estrategia de trading manual en robots de trading plenamente operativos, desde QH nos ponemos a tu servicio.","robots":{"index":"index","follow":"follow","max-snippet":"max-snippet:-1","max-image-preview":"max-image-preview:large","max-video-preview":"max-video-preview:-1"},"canonical":"https:\/\/www.quantickhorizons.com\/index.php\/robots-de-trading\/","og_locale":"en_US","og_type":"article","og_title":"ROBOTS DE TRADING - Quantick Horizons","og_description":"Si quieres convertir tu estrategia de trading manual en robots de trading plenamente operativos, desde QH nos ponemos a tu servicio.","og_url":"https:\/\/www.quantickhorizons.com\/index.php\/robots-de-trading\/","og_site_name":"Quantick Horizons","article_modified_time":"2023-01-07T23:39:13+00:00","og_image":[{"url":"http:\/\/www.quantickhorizons.com\/wp-content\/uploads\/2022\/11\/MetaTrader4-2.png"}],"twitter_card":"summary_large_image","twitter_misc":{"Est. reading time":"3 minutes"},"schema":{"@context":"https:\/\/schema.org","@graph":[{"@type":"WebPage","@id":"https:\/\/www.quantickhorizons.com\/index.php\/robots-de-trading\/","url":"https:\/\/www.quantickhorizons.com\/index.php\/robots-de-trading\/","name":"ROBOTS DE TRADING - Quantick Horizons","isPartOf":{"@id":"https:\/\/www.quantickhorizons.com\/#website"},"datePublished":"2022-11-14T18:18:52+00:00","dateModified":"2023-01-07T23:39:13+00:00","description":"Si quieres convertir tu estrategia de trading manual en robots de trading plenamente operativos, desde QH nos ponemos a tu servicio.","breadcrumb":{"@id":"https:\/\/www.quantickhorizons.com\/index.php\/robots-de-trading\/#breadcrumb"},"inLanguage":"en-US","potentialAction":[{"@type":"ReadAction","target":["https:\/\/www.quantickhorizons.com\/index.php\/robots-de-trading\/"]}]},{"@type":"BreadcrumbList","@id":"https:\/\/www.quantickhorizons.com\/index.php\/robots-de-trading\/#breadcrumb","itemListElement":[{"@type":"ListItem","position":1,"name":"Portada","item":"https:\/\/www.quantickhorizons.com\/"},{"@type":"ListItem","position":2,"name":"ROBOTS DE TRADING"}]},{"@type":"WebSite","@id":"https:\/\/www.quantickhorizons.com\/#website","url":"https:\/\/www.quantickhorizons.com\/","name":"Quantick Horizons","description":"Ofrecemos soluciones inteligentes mirando al futuro","publisher":{"@id":"https:\/\/www.quantickhorizons.com\/#organization"},"potentialAction":[{"@type":"SearchAction","target":{"@type":"EntryPoint","urlTemplate":"https:\/\/www.quantickhorizons.com\/?s={search_term_string}"},"query-input":"required name=search_term_string"}],"inLanguage":"en-US"},{"@type":"Organization","@id":"https:\/\/www.quantickhorizons.com\/#organization","name":"Quantick Horizons","url":"https:\/\/www.quantickhorizons.com\/","logo":{"@type":"ImageObject","inLanguage":"en-US","@id":"https:\/\/www.quantickhorizons.com\/#\/schema\/logo\/image\/","url":"https:\/\/www.quantickhorizons.com\/wp-content\/uploads\/2022\/11\/Logo-Quantick-Horizons_Letras-dentro_Negro-1.png","contentUrl":"https:\/\/www.quantickhorizons.com\/wp-content\/uploads\/2022\/11\/Logo-Quantick-Horizons_Letras-dentro_Negro-1.png","width":360,"height":360,"caption":"Quantick Horizons"},"image":{"@id":"https:\/\/www.quantickhorizons.com\/#\/schema\/logo\/image\/"},"sameAs":["https:\/\/www.linkedin.com\/company\/quantick-horizons-s-l\/about\/"]}]}},"_links":{"self":[{"href":"https:\/\/www.quantickhorizons.com\/index.php\/wp-json\/wp\/v2\/pages\/16","targetHints":{"allow":["GET"]}}],"collection":[{"href":"https:\/\/www.quantickhorizons.com\/index.php\/wp-json\/wp\/v2\/pages"}],"about":[{"href":"https:\/\/www.quantickhorizons.com\/index.php\/wp-json\/wp\/v2\/types\/page"}],"author":[{"embeddable":true,"href":"https:\/\/www.quantickhorizons.com\/index.php\/wp-json\/wp\/v2\/users\/1"}],"replies":[{"embeddable":true,"href":"https:\/\/www.quantickhorizons.com\/index.php\/wp-json\/wp\/v2\/comments?post=16"}],"version-history":[{"count":12,"href":"https:\/\/www.quantickhorizons.com\/index.php\/wp-json\/wp\/v2\/pages\/16\/revisions"}],"predecessor-version":[{"id":256,"href":"https:\/\/www.quantickhorizons.com\/index.php\/wp-json\/wp\/v2\/pages\/16\/revisions\/256"}],"wp:attachment":[{"href":"https:\/\/www.quantickhorizons.com\/index.php\/wp-json\/wp\/v2\/media?parent=16"}],"curies":[{"name":"wp","href":"https:\/\/api.w.org\/{rel}","templated":true}]}}