{"id":13,"date":"2022-11-14T17:55:07","date_gmt":"2022-11-14T17:55:07","guid":{"rendered":"http:\/\/www.quantickhorizons.com\/?page_id=13"},"modified":"2023-01-15T13:36:02","modified_gmt":"2023-01-15T13:36:02","slug":"trading-algoritmico","status":"publish","type":"page","link":"https:\/\/www.quantickhorizons.com\/index.php\/trading-algoritmico\/","title":{"rendered":"TRADING ALGOR\u00cdTMICO"},"content":{"rendered":"\n<p>El trading algor\u00edtmico permite utilizar toda la informaci\u00f3n disponible en los mercados para realizar tus inversiones de manera autom\u00e1tica. Los mercados financieros ofrecen una cantidad impresionante de informaci\u00f3n que se puede intentar aprovechar para obtener beneficios. Siempre ha sido as\u00ed, pero ahora es m\u00e1s accesible. No obstante, hay que recordar que siempre existir\u00e1 riesgo de p\u00e9rdida derivado de factores como la falta de formaci\u00f3n o la utilizaci\u00f3n incorrecta de la informaci\u00f3n.<\/p>\n\n\n\n<figure class=\"wp-block-image size-large\"><img loading=\"lazy\" decoding=\"async\" width=\"1024\" height=\"768\" src=\"http:\/\/www.quantickhorizons.com\/wp-content\/uploads\/2022\/11\/pexels-energepiccom-159888-1024x768.jpg\" alt=\"trading algoritmico\" class=\"wp-image-105\" srcset=\"https:\/\/www.quantickhorizons.com\/wp-content\/uploads\/2022\/11\/pexels-energepiccom-159888-1024x768.jpg 1024w, https:\/\/www.quantickhorizons.com\/wp-content\/uploads\/2022\/11\/pexels-energepiccom-159888-300x225.jpg 300w, https:\/\/www.quantickhorizons.com\/wp-content\/uploads\/2022\/11\/pexels-energepiccom-159888-768x576.jpg 768w, https:\/\/www.quantickhorizons.com\/wp-content\/uploads\/2022\/11\/pexels-energepiccom-159888-1536x1152.jpg 1536w, https:\/\/www.quantickhorizons.com\/wp-content\/uploads\/2022\/11\/pexels-energepiccom-159888-2048x1536.jpg 2048w\" sizes=\"auto, (max-width: 1024px) 100vw, 1024px\" \/><\/figure>\n\n\n\n<p>Hasta hace unos a\u00f1os, el acceso a los mercados estaba muy limitado para aquellas personas que no contaban con un cierto capital, ciertos medios y que desconoc\u00edan su funcionamiento. Hoy en d\u00eda, esas barreras casi han desaparecido y cualquier persona con un ordenador o un tel\u00e9fono m\u00f3vil, con una capacidad y nivel de ingresos medios e inter\u00e9s suficiente puede intentar obtener beneficio operando alguno de los m\u00faltiples instrumentos financieros disponibles. Desde los m\u00e1s tradicionales como las acciones o los futuros a los m\u00e1s modernos como los criptoactivos, pasando por los CFDs o FOREX.<\/p>\n\n\n\n<p>Acercarse a las oportunidades que ofrecen los mercados financieros de la mano de m\u00e9todos como los que empleamos en QH contribuye a mejorar las probabilidades de \u00e9xito. Adem\u00e1s ayuda a reducir el riesgo de que se produzca una situaci\u00f3n frecuente:<\/p>\n\n\n\n<h2 class=\"wp-block-heading\">Una historia habitual<\/h2>\n\n\n\n<p>Has o\u00eddo a alguien \u201cde confianza\u201d comentar, o has le\u00eddo ampliamente, sobre las oportunidades de los mercados financieros. As\u00ed que, una vez que has vencido la pereza y el miedo a adentrarte en algo nuevo, te decides a intentarlo. Inicialmente, pasas unos meses leyendo sobre indicadores, estrategias, etc., mirando gr\u00e1ficos, identificando patrones y, sobre todo, \u201chaciendo cuentas\u201d de manera concienzuda sobre cuanto tardar\u00e1s en hacerte rico con esos patrones aparentemente infalibles; como mucho ayudado por una hoja de Excel. <\/p>\n\n\n\n<p>\u00bfAhora qu\u00e9? \u00bfC\u00f3mo sigues? Evidente, buscas un br\u00f3ker y te pones a operar \u201ca mano\u201d porque ya tienes confianza en tus patrones fundamentada en su \u00e9xito (aparente) a lo largo de lo que consideras un amplio periodo de tiempo (insuficiente) en el que los has evaluado. Algunas operaciones van bien. Otras no, pero parecen \u201cexcepciones\u201d y siempre encuentras alguna justificaci\u00f3n (aparentemente obvia) que explica dichas excepciones. Hasta que llega un punto en el que el n\u00famero de excepciones se acerca o incluso supera el de aciertos.<\/p>\n\n\n\n<p>Entonces, te surgen dudas con algunas cuestiones del tipo: \u00bfQu\u00e9 pasar\u00eda si no hubieras operado esa oportunidad en la que no se cumpl\u00eda del todo alguna de las claras reglas que te hab\u00edas fijado? \u00bfY si hubieras podido operar ese otro par de oportunidades claras de ayer que se produjeron fuera de la franja horaria en la que ten\u00edas disponibilidad para operar? \u00bfCu\u00e1ntas oportunidades habr\u00e1s pasado por alto en tu an\u00e1lisis manual de backtest (casi-nada-sesgado) como esa que se te ha ido a p\u00e9rdidas controladas (porque segur\u00edsimo que est\u00e1s respetando siempre tus reglas y poniendo siempre la Stop-loss para reducir el riesgo de p\u00e9rdidas)? \u00bfCu\u00e1l ser\u00eda el impacto real de todo eso en esas expectativas que has formado inicialmente? Es decir, te encuentras ante una situaci\u00f3n de incertidumbre.<\/p>\n\n\n\n<figure class=\"wp-block-image aligncenter size-large is-resized wp-duotone-unset-1\"><img loading=\"lazy\" decoding=\"async\" src=\"https:\/\/www.quantickhorizons.com\/wp-content\/uploads\/2022\/11\/pexels-anna-nekrashevich-6802044-788x1024.jpg\" alt=\"trading algor\u00edtmico\" class=\"wp-image-112\" width=\"591\" height=\"768\" srcset=\"https:\/\/www.quantickhorizons.com\/wp-content\/uploads\/2022\/11\/pexels-anna-nekrashevich-6802044-788x1024.jpg 788w, https:\/\/www.quantickhorizons.com\/wp-content\/uploads\/2022\/11\/pexels-anna-nekrashevich-6802044-231x300.jpg 231w, https:\/\/www.quantickhorizons.com\/wp-content\/uploads\/2022\/11\/pexels-anna-nekrashevich-6802044-768x998.jpg 768w, https:\/\/www.quantickhorizons.com\/wp-content\/uploads\/2022\/11\/pexels-anna-nekrashevich-6802044-1182x1536.jpg 1182w, https:\/\/www.quantickhorizons.com\/wp-content\/uploads\/2022\/11\/pexels-anna-nekrashevich-6802044-1577x2048.jpg 1577w, https:\/\/www.quantickhorizons.com\/wp-content\/uploads\/2022\/11\/pexels-anna-nekrashevich-6802044-scaled.jpg 1971w\" sizes=\"auto, (max-width: 591px) 100vw, 591px\" \/><\/figure>\n\n\n\n<h2 class=\"wp-block-heading\">Razones para pasarse al trading algor\u00edtmico<\/h2>\n\n\n\n<p>La \u00fanica manera de responder a la \u00faltima pregunta es automatizar tu estrategia y poder utilizarla, previamente a su entrada en operaci\u00f3n en real, para analizar TODO en una plataforma del tipo de Metatrader. As\u00ed tendr\u00e1s una idea mejor formada de su viabilidad y potencial. Adem\u00e1s, una vez que ya est\u00e9 en operaci\u00f3n real, podr\u00e1s monitorizar su desempe\u00f1o y realizar su ajuste peri\u00f3dico. Nuestra propia evoluci\u00f3n nos ha llevado a considerar los sistemas de trading algor\u00edtmico como la alternativa m\u00e1s viable para particulares que quieren intentar lograr cierto \u00e9xito en los mercados financieros. El trading algor\u00edtmico es lo \u00fanico responde a varias necesidades b\u00e1sicas del trader particular:<\/p>\n\n\n\n<ul class=\"wp-block-list\">\n<li>Necesidad de sistematizar las reglas de operativa de dicha estrategia y garantizar su cumplimiento<\/li>\n\n\n\n<li>Necesidad de comprobar su robustez, fiabilidad y potencial de beneficio a largo plazo ante diferentes situaciones del mercado<\/li>\n\n\n\n<li>Necesidad de monitorizaci\u00f3n del desempe\u00f1o de la estrategia y su ajuste peri\u00f3dico manteniendo su robustez y potencial<\/li>\n\n\n\n<li>Necesidad de aislar la componente emocional del trader \u201cmanual\u201d y eliminar los sesgos al aplicar las reglas de operativa trabajando en real<\/li>\n\n\n\n<li>Necesidad de eliminar el tiempo del trader \u201cmanual\u201d ante las pantallas<\/li>\n<\/ul>\n\n\n\n<p><\/p>\n\n\n\n<h2 class=\"wp-block-heading\">C\u00f3mo dar el salto<\/h2>\n\n\n\n<p>Desde QH podemos ayudarte con este tipo de cuestiones relacionadas con la automatizaci\u00f3n de tus estrategias de trading y su uso para convertirlas en robots de trading robustos y eficientes que funcionen 24 h\/d\u00eda, 365 d\u00edas\/a\u00f1o a tu servicio, ofreci\u00e9ndote:<\/p>\n\n\n\n<ul class=\"wp-block-list\">\n<li>Programaci\u00f3n en lenguaje MQL5 para robots de trading operativos en Metatrader 5 (MT5). <a href=\"http:\/\/www.quantickhorizons.com\/index.php\/metatrader-5\/\">M\u00e1s informac<\/a><a href=\"http:\/\/www.quantickhorizons.com\/index.php\/metatrader-4\/\">i\u00f3n.<\/a><\/li>\n\n\n\n<li>Programaci\u00f3n en lenguaje MQL4 para robots de trading operativos en Metatrader 4 (MT4). <a href=\"http:\/\/www.quantickhorizons.com\/index.php\/metatrader-4\/\">M\u00e1s informaci\u00f3n.<\/a><\/li>\n\n\n\n<li>Conversi\u00f3n \/ traducci\u00f3n de robots de trading de Metatrader 4 (MT4) a robots de Metatrading 5 (MT5). <a href=\"https:\/\/www.quantickhorizons.com\/index.php\/conversion-de-robots-de-mt4-a-mt5\/\">M\u00e1s informaci\u00f3n<\/a>.<\/li>\n\n\n\n<li>Asistencia durante el proceso de puesta en operaci\u00f3n en real de estrategias automatizadas o robots de trading con Metatrader. <a href=\"https:\/\/www.quantickhorizons.com\/index.php\/podemos-ayudarte\/\">Contacta con nosotros<\/a>.<\/li>\n<\/ul>\n\n\n\n<figure class=\"wp-block-image aligncenter size-large is-resized wp-duotone-unset-2\"><img loading=\"lazy\" decoding=\"async\" src=\"https:\/\/www.quantickhorizons.com\/wp-content\/uploads\/2022\/11\/pexels-alesia-kozik-6771985-1-683x1024.jpg\" alt=\"\" class=\"wp-image-117\" width=\"512\" height=\"768\" srcset=\"https:\/\/www.quantickhorizons.com\/wp-content\/uploads\/2022\/11\/pexels-alesia-kozik-6771985-1-683x1024.jpg 683w, https:\/\/www.quantickhorizons.com\/wp-content\/uploads\/2022\/11\/pexels-alesia-kozik-6771985-1-200x300.jpg 200w, https:\/\/www.quantickhorizons.com\/wp-content\/uploads\/2022\/11\/pexels-alesia-kozik-6771985-1-768x1152.jpg 768w, https:\/\/www.quantickhorizons.com\/wp-content\/uploads\/2022\/11\/pexels-alesia-kozik-6771985-1-1024x1536.jpg 1024w, https:\/\/www.quantickhorizons.com\/wp-content\/uploads\/2022\/11\/pexels-alesia-kozik-6771985-1-1366x2048.jpg 1366w, https:\/\/www.quantickhorizons.com\/wp-content\/uploads\/2022\/11\/pexels-alesia-kozik-6771985-1-scaled.jpg 1707w\" sizes=\"auto, (max-width: 512px) 100vw, 512px\" \/><\/figure>\n\n\n\n<p><\/p>\n\n\n\n<p style=\"font-style:normal;font-weight:400\"><strong>AVISO IMPORTANTE.<\/strong> Los CFDs son instrumentos complejos y conllevan un alto riesgo de perder dinero r\u00e1pidamente debido al apalancamiento. El 74-89 % de las cuentas de inversores minoristas pierden dinero al operar con CFDs. Debe considerar si entiende c\u00f3mo funcionan los CFDs y si puede permitirse el alto riesgo de perder su dinero<\/p>\n","protected":false},"excerpt":{"rendered":"<p>El trading algor\u00edtmico permite utilizar toda la informaci\u00f3n disponible en los mercados para realizar tus inversiones de manera autom\u00e1tica. Los mercados financieros ofrecen una cantidad impresionante de informaci\u00f3n que se puede intentar aprovechar para obtener beneficios. Siempre ha sido as\u00ed, pero ahora es m\u00e1s accesible. No obstante, hay que recordar que siempre existir\u00e1 riesgo de &hellip;<\/p>\n<p class=\"read-more\"> <a class=\"\" href=\"https:\/\/www.quantickhorizons.com\/index.php\/trading-algoritmico\/\"> <span class=\"screen-reader-text\">TRADING ALGOR\u00cdTMICO<\/span> Read More &raquo;<\/a><\/p>\n","protected":false},"author":1,"featured_media":0,"parent":0,"menu_order":0,"comment_status":"closed","ping_status":"closed","template":"","meta":{"_monsterinsights_skip_tracking":false,"_monsterinsights_sitenote_active":false,"_monsterinsights_sitenote_note":"","_monsterinsights_sitenote_category":0,"site-sidebar-layout":"default","site-content-layout":"default","ast-global-header-display":"","ast-main-header-display":"","ast-hfb-above-header-display":"","ast-hfb-below-header-display":"","ast-hfb-mobile-header-display":"","site-post-title":"","ast-breadcrumbs-content":"","ast-featured-img":"","footer-sml-layout":"","theme-transparent-header-meta":"","adv-header-id-meta":"","stick-header-meta":"","header-above-stick-meta":"","header-main-stick-meta":"","header-below-stick-meta":"","footnotes":""},"class_list":["post-13","page","type-page","status-publish","hentry"],"yoast_head":"<!-- This site is optimized with the Yoast SEO plugin v19.14 - https:\/\/yoast.com\/wordpress\/plugins\/seo\/ -->\n<title>TRADING ALGOR\u00cdTMICO - Quantick Horizons<\/title>\n<meta name=\"description\" content=\"El trading algor\u00edtmico permite usar la informaci\u00f3n disponible en los mercados financieros para realizar tus inversiones de forma autom\u00e1tica.\" \/>\n<meta name=\"robots\" content=\"index, follow, max-snippet:-1, max-image-preview:large, max-video-preview:-1\" \/>\n<link rel=\"canonical\" href=\"https:\/\/www.quantickhorizons.com\/index.php\/trading-algoritmico\/\" \/>\n<meta property=\"og:locale\" content=\"en_US\" \/>\n<meta property=\"og:type\" content=\"article\" \/>\n<meta property=\"og:title\" content=\"TRADING ALGOR\u00cdTMICO - Quantick Horizons\" \/>\n<meta property=\"og:description\" content=\"El trading algor\u00edtmico permite usar la informaci\u00f3n disponible en los mercados financieros para realizar tus inversiones de forma autom\u00e1tica.\" \/>\n<meta property=\"og:url\" content=\"https:\/\/www.quantickhorizons.com\/index.php\/trading-algoritmico\/\" \/>\n<meta property=\"og:site_name\" content=\"Quantick Horizons\" \/>\n<meta property=\"article:modified_time\" content=\"2023-01-15T13:36:02+00:00\" \/>\n<meta property=\"og:image\" content=\"http:\/\/www.quantickhorizons.com\/wp-content\/uploads\/2022\/11\/pexels-energepiccom-159888-1024x768.jpg\" \/>\n<meta name=\"twitter:card\" content=\"summary_large_image\" \/>\n<meta name=\"twitter:label1\" content=\"Est. reading time\" \/>\n\t<meta name=\"twitter:data1\" content=\"5 minutes\" \/>\n<script type=\"application\/ld+json\" class=\"yoast-schema-graph\">{\"@context\":\"https:\/\/schema.org\",\"@graph\":[{\"@type\":\"WebPage\",\"@id\":\"https:\/\/www.quantickhorizons.com\/index.php\/trading-algoritmico\/\",\"url\":\"https:\/\/www.quantickhorizons.com\/index.php\/trading-algoritmico\/\",\"name\":\"TRADING ALGOR\u00cdTMICO - Quantick Horizons\",\"isPartOf\":{\"@id\":\"https:\/\/www.quantickhorizons.com\/#website\"},\"datePublished\":\"2022-11-14T17:55:07+00:00\",\"dateModified\":\"2023-01-15T13:36:02+00:00\",\"description\":\"El trading algor\u00edtmico permite usar la informaci\u00f3n disponible en los mercados financieros para realizar tus inversiones de forma autom\u00e1tica.\",\"breadcrumb\":{\"@id\":\"https:\/\/www.quantickhorizons.com\/index.php\/trading-algoritmico\/#breadcrumb\"},\"inLanguage\":\"en-US\",\"potentialAction\":[{\"@type\":\"ReadAction\",\"target\":[\"https:\/\/www.quantickhorizons.com\/index.php\/trading-algoritmico\/\"]}]},{\"@type\":\"BreadcrumbList\",\"@id\":\"https:\/\/www.quantickhorizons.com\/index.php\/trading-algoritmico\/#breadcrumb\",\"itemListElement\":[{\"@type\":\"ListItem\",\"position\":1,\"name\":\"Portada\",\"item\":\"https:\/\/www.quantickhorizons.com\/\"},{\"@type\":\"ListItem\",\"position\":2,\"name\":\"TRADING ALGOR\u00cdTMICO\"}]},{\"@type\":\"WebSite\",\"@id\":\"https:\/\/www.quantickhorizons.com\/#website\",\"url\":\"https:\/\/www.quantickhorizons.com\/\",\"name\":\"Quantick Horizons\",\"description\":\"Ofrecemos soluciones inteligentes mirando al futuro\",\"publisher\":{\"@id\":\"https:\/\/www.quantickhorizons.com\/#organization\"},\"potentialAction\":[{\"@type\":\"SearchAction\",\"target\":{\"@type\":\"EntryPoint\",\"urlTemplate\":\"https:\/\/www.quantickhorizons.com\/?s={search_term_string}\"},\"query-input\":\"required name=search_term_string\"}],\"inLanguage\":\"en-US\"},{\"@type\":\"Organization\",\"@id\":\"https:\/\/www.quantickhorizons.com\/#organization\",\"name\":\"Quantick Horizons\",\"url\":\"https:\/\/www.quantickhorizons.com\/\",\"logo\":{\"@type\":\"ImageObject\",\"inLanguage\":\"en-US\",\"@id\":\"https:\/\/www.quantickhorizons.com\/#\/schema\/logo\/image\/\",\"url\":\"https:\/\/www.quantickhorizons.com\/wp-content\/uploads\/2022\/11\/Logo-Quantick-Horizons_Letras-dentro_Negro-1.png\",\"contentUrl\":\"https:\/\/www.quantickhorizons.com\/wp-content\/uploads\/2022\/11\/Logo-Quantick-Horizons_Letras-dentro_Negro-1.png\",\"width\":360,\"height\":360,\"caption\":\"Quantick Horizons\"},\"image\":{\"@id\":\"https:\/\/www.quantickhorizons.com\/#\/schema\/logo\/image\/\"},\"sameAs\":[\"https:\/\/www.linkedin.com\/company\/quantick-horizons-s-l\/about\/\"]}]}<\/script>\n<!-- \/ Yoast SEO plugin. -->","yoast_head_json":{"title":"TRADING ALGOR\u00cdTMICO - Quantick Horizons","description":"El trading algor\u00edtmico permite usar la informaci\u00f3n disponible en los mercados financieros para realizar tus inversiones de forma autom\u00e1tica.","robots":{"index":"index","follow":"follow","max-snippet":"max-snippet:-1","max-image-preview":"max-image-preview:large","max-video-preview":"max-video-preview:-1"},"canonical":"https:\/\/www.quantickhorizons.com\/index.php\/trading-algoritmico\/","og_locale":"en_US","og_type":"article","og_title":"TRADING ALGOR\u00cdTMICO - Quantick Horizons","og_description":"El trading algor\u00edtmico permite usar la informaci\u00f3n disponible en los mercados financieros para realizar tus inversiones de forma autom\u00e1tica.","og_url":"https:\/\/www.quantickhorizons.com\/index.php\/trading-algoritmico\/","og_site_name":"Quantick Horizons","article_modified_time":"2023-01-15T13:36:02+00:00","og_image":[{"url":"http:\/\/www.quantickhorizons.com\/wp-content\/uploads\/2022\/11\/pexels-energepiccom-159888-1024x768.jpg"}],"twitter_card":"summary_large_image","twitter_misc":{"Est. reading time":"5 minutes"},"schema":{"@context":"https:\/\/schema.org","@graph":[{"@type":"WebPage","@id":"https:\/\/www.quantickhorizons.com\/index.php\/trading-algoritmico\/","url":"https:\/\/www.quantickhorizons.com\/index.php\/trading-algoritmico\/","name":"TRADING ALGOR\u00cdTMICO - Quantick Horizons","isPartOf":{"@id":"https:\/\/www.quantickhorizons.com\/#website"},"datePublished":"2022-11-14T17:55:07+00:00","dateModified":"2023-01-15T13:36:02+00:00","description":"El trading algor\u00edtmico permite usar la informaci\u00f3n disponible en los mercados financieros para realizar tus inversiones de forma autom\u00e1tica.","breadcrumb":{"@id":"https:\/\/www.quantickhorizons.com\/index.php\/trading-algoritmico\/#breadcrumb"},"inLanguage":"en-US","potentialAction":[{"@type":"ReadAction","target":["https:\/\/www.quantickhorizons.com\/index.php\/trading-algoritmico\/"]}]},{"@type":"BreadcrumbList","@id":"https:\/\/www.quantickhorizons.com\/index.php\/trading-algoritmico\/#breadcrumb","itemListElement":[{"@type":"ListItem","position":1,"name":"Portada","item":"https:\/\/www.quantickhorizons.com\/"},{"@type":"ListItem","position":2,"name":"TRADING ALGOR\u00cdTMICO"}]},{"@type":"WebSite","@id":"https:\/\/www.quantickhorizons.com\/#website","url":"https:\/\/www.quantickhorizons.com\/","name":"Quantick Horizons","description":"Ofrecemos soluciones inteligentes mirando al futuro","publisher":{"@id":"https:\/\/www.quantickhorizons.com\/#organization"},"potentialAction":[{"@type":"SearchAction","target":{"@type":"EntryPoint","urlTemplate":"https:\/\/www.quantickhorizons.com\/?s={search_term_string}"},"query-input":"required name=search_term_string"}],"inLanguage":"en-US"},{"@type":"Organization","@id":"https:\/\/www.quantickhorizons.com\/#organization","name":"Quantick Horizons","url":"https:\/\/www.quantickhorizons.com\/","logo":{"@type":"ImageObject","inLanguage":"en-US","@id":"https:\/\/www.quantickhorizons.com\/#\/schema\/logo\/image\/","url":"https:\/\/www.quantickhorizons.com\/wp-content\/uploads\/2022\/11\/Logo-Quantick-Horizons_Letras-dentro_Negro-1.png","contentUrl":"https:\/\/www.quantickhorizons.com\/wp-content\/uploads\/2022\/11\/Logo-Quantick-Horizons_Letras-dentro_Negro-1.png","width":360,"height":360,"caption":"Quantick Horizons"},"image":{"@id":"https:\/\/www.quantickhorizons.com\/#\/schema\/logo\/image\/"},"sameAs":["https:\/\/www.linkedin.com\/company\/quantick-horizons-s-l\/about\/"]}]}},"_links":{"self":[{"href":"https:\/\/www.quantickhorizons.com\/index.php\/wp-json\/wp\/v2\/pages\/13","targetHints":{"allow":["GET"]}}],"collection":[{"href":"https:\/\/www.quantickhorizons.com\/index.php\/wp-json\/wp\/v2\/pages"}],"about":[{"href":"https:\/\/www.quantickhorizons.com\/index.php\/wp-json\/wp\/v2\/types\/page"}],"author":[{"embeddable":true,"href":"https:\/\/www.quantickhorizons.com\/index.php\/wp-json\/wp\/v2\/users\/1"}],"replies":[{"embeddable":true,"href":"https:\/\/www.quantickhorizons.com\/index.php\/wp-json\/wp\/v2\/comments?post=13"}],"version-history":[{"count":25,"href":"https:\/\/www.quantickhorizons.com\/index.php\/wp-json\/wp\/v2\/pages\/13\/revisions"}],"predecessor-version":[{"id":297,"href":"https:\/\/www.quantickhorizons.com\/index.php\/wp-json\/wp\/v2\/pages\/13\/revisions\/297"}],"wp:attachment":[{"href":"https:\/\/www.quantickhorizons.com\/index.php\/wp-json\/wp\/v2\/media?parent=13"}],"curies":[{"name":"wp","href":"https:\/\/api.w.org\/{rel}","templated":true}]}}