{"id":10,"date":"2022-11-14T17:53:39","date_gmt":"2022-11-14T17:53:39","guid":{"rendered":"http:\/\/www.quantickhorizons.com\/?page_id=10"},"modified":"2023-01-08T00:19:31","modified_gmt":"2023-01-08T00:19:31","slug":"somos-quantick-horizons","status":"publish","type":"page","link":"https:\/\/www.quantickhorizons.com\/index.php\/somos-quantick-horizons\/","title":{"rendered":"MISI\u00d3N QUANTICK HORIZONS"},"content":{"rendered":"\n<p>Quantick Horizons (QH) lo formamos un grupo de personas apasionadas de una manera de pensar diferente con respecto a la informaci\u00f3n que hay dentro de la ingente cantidad datos disponibles y lo que se puede conseguir con ella. La misi\u00f3n de Quantick Horizons es ayudar a mejorar la vida de las personas, la sociedad, la ciencia y los negocios aplicando las Tecnolog\u00edas de la Informaci\u00f3n y el Big Data.<\/p>\n\n\n\n<p>Si crees que tienes alguna necesidad relacionada con: la obtenci\u00f3n de datos, su procesamiento, su an\u00e1lisis, la obtenci\u00f3n de resultados a partir de cualquier conjunto de datos o la utilizaci\u00f3n de modelos predictivos, entre otros, que pueda ser beneficiosa para ti o tu organizaci\u00f3n, no lo dudes: \u00a1Preg\u00fantanos! Como parte de la Misi\u00f3n de Quantick Horizons, te diremos si sabemos c\u00f3mo conseguirlo y si podemos llevarlo a cabo.<\/p>\n\n\n\n<figure class=\"wp-block-image size-full is-resized\"><img loading=\"lazy\" decoding=\"async\" src=\"https:\/\/www.quantickhorizons.com\/wp-content\/uploads\/2023\/01\/image.png\" alt=\"Misi\u00f3n Quantick Horizons\" class=\"wp-image-269\" width=\"1201\" height=\"802\" srcset=\"https:\/\/www.quantickhorizons.com\/wp-content\/uploads\/2023\/01\/image.png 1024w, https:\/\/www.quantickhorizons.com\/wp-content\/uploads\/2023\/01\/image-300x200.png 300w, https:\/\/www.quantickhorizons.com\/wp-content\/uploads\/2023\/01\/image-768x513.png 768w\" sizes=\"auto, (max-width: 1201px) 100vw, 1201px\" \/><\/figure>\n\n\n\n<p>Existen un sinf\u00edn de herramientas para mejorar y desde QH queremos ayudar a tanto personas individuales como peque\u00f1as organizaciones pod\u00e1is utilizarlas en vuestro beneficio. No obstante, para poder hacerlo, necesitamos conocer primero vuestras necesidades. Para ello, pod\u00e9is poneros en contacto con nosotros a trav\u00e9s del formulario que encontrar\u00e9is en la secci\u00f3n de &#8220;<a href=\"https:\/\/www.quantickhorizons.com\/index.php\/podemos-ayudarte\/\">PODEMOS AYUDARTE<\/a>&#8221; o a trav\u00e9s del n\u00famero de tel\u00e9fono que figura en la parte inferior de esta p\u00e1gina web. Analizaremos esas necesidades conjuntamente para entender la naturaleza del problema y, posteriormente, intentaremos encontrar la soluci\u00f3n que mejor se adapte.<\/p>\n","protected":false},"excerpt":{"rendered":"<p>Quantick Horizons (QH) lo formamos un grupo de personas apasionadas de una manera de pensar diferente con respecto a la informaci\u00f3n que hay dentro de la ingente cantidad datos disponibles y lo que se puede conseguir con ella. La misi\u00f3n de Quantick Horizons es ayudar a mejorar la vida de las personas, la sociedad, la &hellip;<\/p>\n<p class=\"read-more\"> <a class=\"\" href=\"https:\/\/www.quantickhorizons.com\/index.php\/somos-quantick-horizons\/\"> <span class=\"screen-reader-text\">MISI\u00d3N QUANTICK HORIZONS<\/span> Read More &raquo;<\/a><\/p>\n","protected":false},"author":1,"featured_media":0,"parent":0,"menu_order":0,"comment_status":"closed","ping_status":"closed","template":"","meta":{"_monsterinsights_skip_tracking":false,"_monsterinsights_sitenote_active":false,"_monsterinsights_sitenote_note":"","_monsterinsights_sitenote_category":0,"site-sidebar-layout":"default","site-content-layout":"default","ast-global-header-display":"","ast-main-header-display":"","ast-hfb-above-header-display":"","ast-hfb-below-header-display":"","ast-hfb-mobile-header-display":"","site-post-title":"","ast-breadcrumbs-content":"","ast-featured-img":"","footer-sml-layout":"","theme-transparent-header-meta":"","adv-header-id-meta":"","stick-header-meta":"","header-above-stick-meta":"","header-main-stick-meta":"","header-below-stick-meta":"","footnotes":""},"class_list":["post-10","page","type-page","status-publish","hentry"],"yoast_head":"<!-- This site is optimized with the Yoast SEO plugin v19.14 - https:\/\/yoast.com\/wordpress\/plugins\/seo\/ -->\n<title>MISI\u00d3N QUANTICK HORIZONS - Quantick Horizons<\/title>\n<meta name=\"description\" content=\"La misi\u00f3n de Quantick horizons es ayudar a mejorar la vida de las personas, la sociedad, la ciencia y los negocios aplicando el Big Data.\" \/>\n<meta name=\"robots\" content=\"index, follow, max-snippet:-1, max-image-preview:large, max-video-preview:-1\" \/>\n<link rel=\"canonical\" href=\"https:\/\/www.quantickhorizons.com\/index.php\/somos-quantick-horizons\/\" \/>\n<meta property=\"og:locale\" content=\"en_US\" \/>\n<meta property=\"og:type\" content=\"article\" \/>\n<meta property=\"og:title\" content=\"MISI\u00d3N QUANTICK HORIZONS - Quantick Horizons\" \/>\n<meta property=\"og:description\" content=\"La misi\u00f3n de Quantick horizons es ayudar a mejorar la vida de las personas, la sociedad, la ciencia y los negocios aplicando el Big Data.\" \/>\n<meta property=\"og:url\" content=\"https:\/\/www.quantickhorizons.com\/index.php\/somos-quantick-horizons\/\" \/>\n<meta property=\"og:site_name\" content=\"Quantick Horizons\" \/>\n<meta property=\"article:modified_time\" content=\"2023-01-08T00:19:31+00:00\" \/>\n<meta property=\"og:image\" content=\"https:\/\/www.quantickhorizons.com\/wp-content\/uploads\/2023\/01\/image.png\" \/>\n<meta name=\"twitter:card\" content=\"summary_large_image\" \/>\n<meta name=\"twitter:label1\" content=\"Est. reading time\" \/>\n\t<meta name=\"twitter:data1\" content=\"2 minutes\" \/>\n<script type=\"application\/ld+json\" class=\"yoast-schema-graph\">{\"@context\":\"https:\/\/schema.org\",\"@graph\":[{\"@type\":\"WebPage\",\"@id\":\"https:\/\/www.quantickhorizons.com\/index.php\/somos-quantick-horizons\/\",\"url\":\"https:\/\/www.quantickhorizons.com\/index.php\/somos-quantick-horizons\/\",\"name\":\"MISI\u00d3N QUANTICK HORIZONS - Quantick Horizons\",\"isPartOf\":{\"@id\":\"https:\/\/www.quantickhorizons.com\/#website\"},\"datePublished\":\"2022-11-14T17:53:39+00:00\",\"dateModified\":\"2023-01-08T00:19:31+00:00\",\"description\":\"La misi\u00f3n de Quantick horizons es ayudar a mejorar la vida de las personas, la sociedad, la ciencia y los negocios aplicando el Big Data.\",\"breadcrumb\":{\"@id\":\"https:\/\/www.quantickhorizons.com\/index.php\/somos-quantick-horizons\/#breadcrumb\"},\"inLanguage\":\"en-US\",\"potentialAction\":[{\"@type\":\"ReadAction\",\"target\":[\"https:\/\/www.quantickhorizons.com\/index.php\/somos-quantick-horizons\/\"]}]},{\"@type\":\"BreadcrumbList\",\"@id\":\"https:\/\/www.quantickhorizons.com\/index.php\/somos-quantick-horizons\/#breadcrumb\",\"itemListElement\":[{\"@type\":\"ListItem\",\"position\":1,\"name\":\"Portada\",\"item\":\"https:\/\/www.quantickhorizons.com\/\"},{\"@type\":\"ListItem\",\"position\":2,\"name\":\"MISI\u00d3N QUANTICK HORIZONS\"}]},{\"@type\":\"WebSite\",\"@id\":\"https:\/\/www.quantickhorizons.com\/#website\",\"url\":\"https:\/\/www.quantickhorizons.com\/\",\"name\":\"Quantick Horizons\",\"description\":\"Ofrecemos soluciones inteligentes mirando al futuro\",\"publisher\":{\"@id\":\"https:\/\/www.quantickhorizons.com\/#organization\"},\"potentialAction\":[{\"@type\":\"SearchAction\",\"target\":{\"@type\":\"EntryPoint\",\"urlTemplate\":\"https:\/\/www.quantickhorizons.com\/?s={search_term_string}\"},\"query-input\":\"required name=search_term_string\"}],\"inLanguage\":\"en-US\"},{\"@type\":\"Organization\",\"@id\":\"https:\/\/www.quantickhorizons.com\/#organization\",\"name\":\"Quantick Horizons\",\"url\":\"https:\/\/www.quantickhorizons.com\/\",\"logo\":{\"@type\":\"ImageObject\",\"inLanguage\":\"en-US\",\"@id\":\"https:\/\/www.quantickhorizons.com\/#\/schema\/logo\/image\/\",\"url\":\"https:\/\/www.quantickhorizons.com\/wp-content\/uploads\/2022\/11\/Logo-Quantick-Horizons_Letras-dentro_Negro-1.png\",\"contentUrl\":\"https:\/\/www.quantickhorizons.com\/wp-content\/uploads\/2022\/11\/Logo-Quantick-Horizons_Letras-dentro_Negro-1.png\",\"width\":360,\"height\":360,\"caption\":\"Quantick Horizons\"},\"image\":{\"@id\":\"https:\/\/www.quantickhorizons.com\/#\/schema\/logo\/image\/\"},\"sameAs\":[\"https:\/\/www.linkedin.com\/company\/quantick-horizons-s-l\/about\/\"]}]}<\/script>\n<!-- \/ Yoast SEO plugin. -->","yoast_head_json":{"title":"MISI\u00d3N QUANTICK HORIZONS - Quantick Horizons","description":"La misi\u00f3n de Quantick horizons es ayudar a mejorar la vida de las personas, la sociedad, la ciencia y los negocios aplicando el Big Data.","robots":{"index":"index","follow":"follow","max-snippet":"max-snippet:-1","max-image-preview":"max-image-preview:large","max-video-preview":"max-video-preview:-1"},"canonical":"https:\/\/www.quantickhorizons.com\/index.php\/somos-quantick-horizons\/","og_locale":"en_US","og_type":"article","og_title":"MISI\u00d3N QUANTICK HORIZONS - Quantick Horizons","og_description":"La misi\u00f3n de Quantick horizons es ayudar a mejorar la vida de las personas, la sociedad, la ciencia y los negocios aplicando el Big Data.","og_url":"https:\/\/www.quantickhorizons.com\/index.php\/somos-quantick-horizons\/","og_site_name":"Quantick Horizons","article_modified_time":"2023-01-08T00:19:31+00:00","og_image":[{"url":"https:\/\/www.quantickhorizons.com\/wp-content\/uploads\/2023\/01\/image.png"}],"twitter_card":"summary_large_image","twitter_misc":{"Est. reading time":"2 minutes"},"schema":{"@context":"https:\/\/schema.org","@graph":[{"@type":"WebPage","@id":"https:\/\/www.quantickhorizons.com\/index.php\/somos-quantick-horizons\/","url":"https:\/\/www.quantickhorizons.com\/index.php\/somos-quantick-horizons\/","name":"MISI\u00d3N QUANTICK HORIZONS - Quantick Horizons","isPartOf":{"@id":"https:\/\/www.quantickhorizons.com\/#website"},"datePublished":"2022-11-14T17:53:39+00:00","dateModified":"2023-01-08T00:19:31+00:00","description":"La misi\u00f3n de Quantick horizons es ayudar a mejorar la vida de las personas, la sociedad, la ciencia y los negocios aplicando el Big Data.","breadcrumb":{"@id":"https:\/\/www.quantickhorizons.com\/index.php\/somos-quantick-horizons\/#breadcrumb"},"inLanguage":"en-US","potentialAction":[{"@type":"ReadAction","target":["https:\/\/www.quantickhorizons.com\/index.php\/somos-quantick-horizons\/"]}]},{"@type":"BreadcrumbList","@id":"https:\/\/www.quantickhorizons.com\/index.php\/somos-quantick-horizons\/#breadcrumb","itemListElement":[{"@type":"ListItem","position":1,"name":"Portada","item":"https:\/\/www.quantickhorizons.com\/"},{"@type":"ListItem","position":2,"name":"MISI\u00d3N QUANTICK HORIZONS"}]},{"@type":"WebSite","@id":"https:\/\/www.quantickhorizons.com\/#website","url":"https:\/\/www.quantickhorizons.com\/","name":"Quantick Horizons","description":"Ofrecemos soluciones inteligentes mirando al futuro","publisher":{"@id":"https:\/\/www.quantickhorizons.com\/#organization"},"potentialAction":[{"@type":"SearchAction","target":{"@type":"EntryPoint","urlTemplate":"https:\/\/www.quantickhorizons.com\/?s={search_term_string}"},"query-input":"required name=search_term_string"}],"inLanguage":"en-US"},{"@type":"Organization","@id":"https:\/\/www.quantickhorizons.com\/#organization","name":"Quantick Horizons","url":"https:\/\/www.quantickhorizons.com\/","logo":{"@type":"ImageObject","inLanguage":"en-US","@id":"https:\/\/www.quantickhorizons.com\/#\/schema\/logo\/image\/","url":"https:\/\/www.quantickhorizons.com\/wp-content\/uploads\/2022\/11\/Logo-Quantick-Horizons_Letras-dentro_Negro-1.png","contentUrl":"https:\/\/www.quantickhorizons.com\/wp-content\/uploads\/2022\/11\/Logo-Quantick-Horizons_Letras-dentro_Negro-1.png","width":360,"height":360,"caption":"Quantick Horizons"},"image":{"@id":"https:\/\/www.quantickhorizons.com\/#\/schema\/logo\/image\/"},"sameAs":["https:\/\/www.linkedin.com\/company\/quantick-horizons-s-l\/about\/"]}]}},"_links":{"self":[{"href":"https:\/\/www.quantickhorizons.com\/index.php\/wp-json\/wp\/v2\/pages\/10","targetHints":{"allow":["GET"]}}],"collection":[{"href":"https:\/\/www.quantickhorizons.com\/index.php\/wp-json\/wp\/v2\/pages"}],"about":[{"href":"https:\/\/www.quantickhorizons.com\/index.php\/wp-json\/wp\/v2\/types\/page"}],"author":[{"embeddable":true,"href":"https:\/\/www.quantickhorizons.com\/index.php\/wp-json\/wp\/v2\/users\/1"}],"replies":[{"embeddable":true,"href":"https:\/\/www.quantickhorizons.com\/index.php\/wp-json\/wp\/v2\/comments?post=10"}],"version-history":[{"count":25,"href":"https:\/\/www.quantickhorizons.com\/index.php\/wp-json\/wp\/v2\/pages\/10\/revisions"}],"predecessor-version":[{"id":279,"href":"https:\/\/www.quantickhorizons.com\/index.php\/wp-json\/wp\/v2\/pages\/10\/revisions\/279"}],"wp:attachment":[{"href":"https:\/\/www.quantickhorizons.com\/index.php\/wp-json\/wp\/v2\/media?parent=10"}],"curies":[{"name":"wp","href":"https:\/\/api.w.org\/{rel}","templated":true}]}}